{"id":848,"date":"2025-07-31T13:22:11","date_gmt":"2025-07-31T13:22:11","guid":{"rendered":"https:\/\/www.kollektiv307.com\/?page_id=848"},"modified":"2026-04-02T09:35:37","modified_gmt":"2026-04-02T09:35:37","slug":"ck-himalaya","status":"publish","type":"page","link":"https:\/\/www.kollektiv307.com\/cs\/projects\/ck-himalaya","title":{"rendered":"CK Himalaya"},"content":{"rendered":"<div data-elementor-type=\"wp-page\" data-elementor-id=\"848\" class=\"elementor elementor-848\" data-elementor-post-type=\"page\">\n\t\t\t\t<div class=\"elementor-element elementor-element-adfb468 e-con-full e-flex e-con e-parent\" data-id=\"adfb468\" data-element_type=\"container\" data-e-type=\"container\">\n\t\t<div class=\"elementor-element elementor-element-5bf5a2a e-con-full e-flex e-con e-child\" data-id=\"5bf5a2a\" data-element_type=\"container\" data-e-type=\"container\">\n\t\t\t\t<div class=\"elementor-element elementor-element-a269399 elementor-widget elementor-widget-text-editor\" data-id=\"a269399\" data-element_type=\"widget\" data-e-type=\"widget\" data-widget_type=\"text-editor.default\">\n\t\t\t\t\t\t\t\t\t<p data-start=\"207\" data-end=\"488\">CK Himalaya je \u010desk\u00e1 outdoorov\u00e1 cestovn\u00ed kancel\u00e1\u0159 s des\u00edtkami let zku\u0161enost\u00ed s vysokohorsk\u00fdmi expedicemi a trekingov\u00fdmi dobrodru\u017estv\u00edmi. S siln\u00fdm z\u00e1zem\u00edm a dlouhou tradic\u00ed pot\u0159ebovala modern\u00ed identitu, kter\u00e1 oslov\u00ed novou generaci cestovatel\u016f, ani\u017e by ztratila d\u016fv\u011bru, kterou si za tu dobu vybudovala.<\/p><p data-start=\"490\" data-end=\"794\">Nov\u00e9 logo je postaveno na prot\u00e1hl\u00e9m p\u00edsmenu \u201eM\u201c v n\u00e1zvu <em data-start=\"582\" data-end=\"592\">HIMALAYA<\/em>kter\u00e9 se formuje do tvaru vrcholu \u2013 jednoduch\u00e9, ale v\u00fdrazn\u00e9 gesto symbolizuj\u00edc\u00ed v\u00fd\u0161ku, ambici a samotn\u00e9 j\u00e1dro cesty. Ikona na tento moment navazuje a dopl\u0148uje ho o vych\u00e1zej\u00edc\u00ed slunce, jako odkaz na dobrodru\u017estv\u00ed i bezpe\u010dn\u00fd n\u00e1vrat. V\u00fdsledkem je sebev\u011bdom\u00e1 a \u010dist\u00e1 identita, kter\u00e1 propojuje minulost s budoucnost\u00ed a obstoj\u00ed jak ve fyzick\u00e9m, tak digit\u00e1ln\u00edm prost\u0159ed\u00ed.<\/p>\t\t\t\t\t\t\t\t<\/div>\n\t\t\t\t<\/div>\n\t\t<div class=\"elementor-element elementor-element-e0c7553 e-con-full e-flex e-con e-child\" data-id=\"e0c7553\" data-element_type=\"container\" data-e-type=\"container\">\n\t\t\t\t<div class=\"elementor-element elementor-element-bca6dff elementor-widget__width-inherit elementor-widget elementor-widget-button\" data-id=\"bca6dff\" data-element_type=\"widget\" data-e-type=\"widget\" data-widget_type=\"button.default\">\n\t\t\t\t\t\t\t\t\t\t<a class=\"elementor-button elementor-size-sm\" role=\"button\">\n\t\t\t\t\t\t<span class=\"elementor-button-content-wrapper\">\n\t\t\t\t\t\t\t\t\t<span class=\"elementor-button-text\">Rebrand, Website<\/span>\n\t\t\t\t\t<\/span>\n\t\t\t\t\t<\/a>\n\t\t\t\t\t\t\t\t<\/div>\n\t\t\t\t<div class=\"elementor-element elementor-element-7630ef3 elementor-widget__width-inherit elementor-widget-mobile__width-inherit elementor-widget elementor-widget-heading\" data-id=\"7630ef3\" data-element_type=\"widget\" data-e-type=\"widget\" data-widget_type=\"heading.default\">\n\t\t\t\t\t<h2 class=\"elementor-heading-title elementor-size-default\">CK Himalaya<\/h2>\t\t\t\t<\/div>\n\t\t<div class=\"elementor-element elementor-element-5294d67 e-con-full e-flex e-con e-child\" data-id=\"5294d67\" data-element_type=\"container\" data-e-type=\"container\">\n\t\t<div class=\"elementor-element elementor-element-5088873 e-con-full e-flex e-con e-child\" data-id=\"5088873\" data-element_type=\"container\" data-e-type=\"container\">\n\t\t\t\t<div class=\"elementor-element elementor-element-7fb681b elementor-icon-list--layout-traditional elementor-list-item-link-full_width elementor-widget elementor-widget-icon-list\" data-id=\"7fb681b\" data-element_type=\"widget\" data-e-type=\"widget\" data-widget_type=\"icon-list.default\">\n\t\t\t\t\t\t\t<ul class=\"elementor-icon-list-items\">\n\t\t\t\t\t\t\t<li class=\"elementor-icon-list-item\">\n\t\t\t\t\t\t\t\t\t\t<span class=\"elementor-icon-list-text\">Klient<\/span>\n\t\t\t\t\t\t\t\t\t<\/li>\n\t\t\t\t\t\t\t\t<li class=\"elementor-icon-list-item\">\n\t\t\t\t\t\t\t\t\t\t<span class=\"elementor-icon-list-text\">Lokace<\/span>\n\t\t\t\t\t\t\t\t\t<\/li>\n\t\t\t\t\t\t\t\t<li class=\"elementor-icon-list-item\">\n\t\t\t\t\t\t\t\t\t\t<span class=\"elementor-icon-list-text\">Rok<\/span>\n\t\t\t\t\t\t\t\t\t<\/li>\n\t\t\t\t\t\t<\/ul>\n\t\t\t\t\t\t<\/div>\n\t\t\t\t<\/div>\n\t\t<div class=\"elementor-element elementor-element-b4591cf e-con-full e-flex e-con e-child\" data-id=\"b4591cf\" data-element_type=\"container\" data-e-type=\"container\">\n\t\t\t\t<div class=\"elementor-element elementor-element-4db4d7f elementor-icon-list--layout-traditional elementor-list-item-link-full_width elementor-widget elementor-widget-icon-list\" data-id=\"4db4d7f\" data-element_type=\"widget\" data-e-type=\"widget\" data-widget_type=\"icon-list.default\">\n\t\t\t\t\t\t\t<ul class=\"elementor-icon-list-items\">\n\t\t\t\t\t\t\t<li class=\"elementor-icon-list-item\">\n\t\t\t\t\t\t\t\t\t\t<span class=\"elementor-icon-list-text\">CK Himalaya<\/span>\n\t\t\t\t\t\t\t\t\t<\/li>\n\t\t\t\t\t\t\t\t<li class=\"elementor-icon-list-item\">\n\t\t\t\t\t\t\t\t\t\t<span class=\"elementor-icon-list-text\">Czechia<\/span>\n\t\t\t\t\t\t\t\t\t<\/li>\n\t\t\t\t\t\t\t\t<li class=\"elementor-icon-list-item\">\n\t\t\t\t\t\t\t\t\t\t<span class=\"elementor-icon-list-text\">2024<\/span>\n\t\t\t\t\t\t\t\t\t<\/li>\n\t\t\t\t\t\t<\/ul>\n\t\t\t\t\t\t<\/div>\n\t\t\t\t<\/div>\n\t\t\t\t<\/div>\n\t\t\t\t<\/div>\n\t\t\t\t<\/div>\n\t\t<div class=\"elementor-element elementor-element-63d0739 e-con-full e-flex e-con e-parent\" data-id=\"63d0739\" data-element_type=\"container\" data-e-type=\"container\">\n\t\t<div class=\"elementor-element elementor-element-ca40479 e-con-full e-flex e-con e-child\" data-id=\"ca40479\" data-element_type=\"container\" data-e-type=\"container\">\n\t\t\t\t<div class=\"elementor-element elementor-element-8e0f184 elementor-widget elementor-widget-image\" data-id=\"8e0f184\" data-element_type=\"widget\" data-e-type=\"widget\" data-widget_type=\"image.default\">\n\t\t\t\t\t\t\t\t\t\t\t\t\t\t\t<img fetchpriority=\"high\" decoding=\"async\" width=\"1500\" height=\"1000\" src=\"https:\/\/www.kollektiv307.com\/wp-content\/uploads\/2025\/07\/himalaya04.jpg\" class=\"attachment-full size-full wp-image-873\" alt=\"\" srcset=\"https:\/\/www.kollektiv307.com\/wp-content\/uploads\/2025\/07\/himalaya04.jpg 1500w, https:\/\/www.kollektiv307.com\/wp-content\/uploads\/2025\/07\/himalaya04-300x200.jpg 300w, https:\/\/www.kollektiv307.com\/wp-content\/uploads\/2025\/07\/himalaya04-1024x683.jpg 1024w, https:\/\/www.kollektiv307.com\/wp-content\/uploads\/2025\/07\/himalaya04-768x512.jpg 768w\" sizes=\"(max-width: 1500px) 100vw, 1500px\" \/>\t\t\t\t\t\t\t\t\t\t\t\t\t\t\t<\/div>\n\t\t\t\t<\/div>\n\t\t<div class=\"elementor-element elementor-element-538e77f e-con-full e-flex e-con e-child\" data-id=\"538e77f\" data-element_type=\"container\" data-e-type=\"container\">\n\t\t\t\t<div class=\"elementor-element elementor-element-54f980c elementor-widget elementor-widget-image\" data-id=\"54f980c\" data-element_type=\"widget\" data-e-type=\"widget\" data-widget_type=\"image.default\">\n\t\t\t\t\t\t\t\t\t\t\t\t\t\t\t<img decoding=\"async\" width=\"1500\" height=\"1000\" src=\"https:\/\/www.kollektiv307.com\/wp-content\/uploads\/2025\/07\/himalaya01.jpg\" class=\"attachment-full size-full wp-image-849\" alt=\"branding graphic studio Prague\" srcset=\"https:\/\/www.kollektiv307.com\/wp-content\/uploads\/2025\/07\/himalaya01.jpg 1500w, https:\/\/www.kollektiv307.com\/wp-content\/uploads\/2025\/07\/himalaya01-300x200.jpg 300w, https:\/\/www.kollektiv307.com\/wp-content\/uploads\/2025\/07\/himalaya01-1024x683.jpg 1024w, https:\/\/www.kollektiv307.com\/wp-content\/uploads\/2025\/07\/himalaya01-768x512.jpg 768w\" sizes=\"(max-width: 1500px) 100vw, 1500px\" \/>\t\t\t\t\t\t\t\t\t\t\t\t\t\t\t<\/div>\n\t\t\t\t<\/div>\n\t\t\t\t<\/div>\n\t\t<div class=\"elementor-element elementor-element-27ac87b e-con-full e-flex e-con e-parent\" data-id=\"27ac87b\" data-element_type=\"container\" data-e-type=\"container\">\n\t\t<div class=\"elementor-element elementor-element-ce70343 e-con-full e-flex e-con e-child\" data-id=\"ce70343\" data-element_type=\"container\" data-e-type=\"container\">\n\t\t\t\t<div class=\"elementor-element elementor-element-8e9f32f elementor-widget elementor-widget-image\" data-id=\"8e9f32f\" data-element_type=\"widget\" data-e-type=\"widget\" data-widget_type=\"image.default\">\n\t\t\t\t\t\t\t\t\t\t\t\t\t\t\t<img decoding=\"async\" width=\"2500\" height=\"2500\" src=\"https:\/\/www.kollektiv307.com\/wp-content\/uploads\/2025\/07\/himalaya07.jpg\" class=\"attachment-full size-full wp-image-890\" alt=\"\" srcset=\"https:\/\/www.kollektiv307.com\/wp-content\/uploads\/2025\/07\/himalaya07.jpg 2500w, https:\/\/www.kollektiv307.com\/wp-content\/uploads\/2025\/07\/himalaya07-300x300.jpg 300w, https:\/\/www.kollektiv307.com\/wp-content\/uploads\/2025\/07\/himalaya07-1024x1024.jpg 1024w, https:\/\/www.kollektiv307.com\/wp-content\/uploads\/2025\/07\/himalaya07-150x150.jpg 150w, https:\/\/www.kollektiv307.com\/wp-content\/uploads\/2025\/07\/himalaya07-768x768.jpg 768w, https:\/\/www.kollektiv307.com\/wp-content\/uploads\/2025\/07\/himalaya07-1536x1536.jpg 1536w, https:\/\/www.kollektiv307.com\/wp-content\/uploads\/2025\/07\/himalaya07-2048x2048.jpg 2048w\" sizes=\"(max-width: 2500px) 100vw, 2500px\" \/>\t\t\t\t\t\t\t\t\t\t\t\t\t\t\t<\/div>\n\t\t\t\t<\/div>\n\t\t<div class=\"elementor-element elementor-element-724a3e1 e-con-full e-flex e-con e-child\" data-id=\"724a3e1\" data-element_type=\"container\" data-e-type=\"container\">\n\t\t\t\t<div class=\"elementor-element elementor-element-206fedc elementor-widget elementor-widget-image\" data-id=\"206fedc\" data-element_type=\"widget\" data-e-type=\"widget\" data-widget_type=\"image.default\">\n\t\t\t\t\t\t\t\t\t\t\t\t\t\t\t<img loading=\"lazy\" decoding=\"async\" width=\"2000\" height=\"2000\" src=\"https:\/\/www.kollektiv307.com\/wp-content\/uploads\/2025\/07\/himalaya02.jpg\" class=\"attachment-full size-full wp-image-872\" alt=\"logo design studio ad\" srcset=\"https:\/\/www.kollektiv307.com\/wp-content\/uploads\/2025\/07\/himalaya02.jpg 2000w, https:\/\/www.kollektiv307.com\/wp-content\/uploads\/2025\/07\/himalaya02-300x300.jpg 300w, https:\/\/www.kollektiv307.com\/wp-content\/uploads\/2025\/07\/himalaya02-1024x1024.jpg 1024w, https:\/\/www.kollektiv307.com\/wp-content\/uploads\/2025\/07\/himalaya02-150x150.jpg 150w, https:\/\/www.kollektiv307.com\/wp-content\/uploads\/2025\/07\/himalaya02-768x768.jpg 768w, https:\/\/www.kollektiv307.com\/wp-content\/uploads\/2025\/07\/himalaya02-1536x1536.jpg 1536w\" sizes=\"(max-width: 2000px) 100vw, 2000px\" \/>\t\t\t\t\t\t\t\t\t\t\t\t\t\t\t<\/div>\n\t\t\t\t<\/div>\n\t\t\t\t<\/div>\n\t\t\t\t<\/div>","protected":false},"excerpt":{"rendered":"<p>CK Himalaya is a Czech outdoor travel agency with decades of experience in high-altitude expeditions and trekking adventures. With a strong legacy behind them, they needed a modern identity that would speak to a new generation of travelers, without losing the trust they\u2019ve built. The new logo centers on a stretched \u201cM\u201d in HIMALAYA, forming [&hellip;]<\/p>\n","protected":false},"author":1,"featured_media":0,"parent":513,"menu_order":0,"comment_status":"closed","ping_status":"closed","template":"elementor_header_footer","meta":{"_acf_changed":false,"footnotes":""},"filter":[11,12],"class_list":["post-848","page","type-page","status-publish","hentry","filter-brand-identity","filter-web-digital"],"acf":[],"yoast_head":"<!-- This site is optimized with the Yoast SEO plugin v27.4 - https:\/\/yoast.com\/product\/yoast-seo-wordpress\/ -->\n<title>CK Himalaya - Kollektiv307 - Branding &amp; Graphic Design Studio Prague<\/title>\n<meta name=\"description\" content=\"CK Himalaya is a Czech outdoor travel agency with decades of experience in high-altitude expeditions and trekking adventures.\" \/>\n<meta name=\"robots\" content=\"index, follow, max-snippet:-1, max-image-preview:large, max-video-preview:-1\" \/>\n<link rel=\"canonical\" href=\"https:\/\/www.kollektiv307.com\/cs\/projects\/ck-himalaya\/\" \/>\n<meta property=\"og:locale\" content=\"cs_CZ\" \/>\n<meta property=\"og:type\" content=\"article\" \/>\n<meta property=\"og:title\" content=\"CK Himalaya - Kollektiv307 - Branding &amp; Graphic Design Studio Prague\" \/>\n<meta property=\"og:description\" content=\"CK Himalaya is a Czech outdoor travel agency with decades of experience in high-altitude expeditions and trekking adventures.\" \/>\n<meta property=\"og:url\" content=\"https:\/\/www.kollektiv307.com\/cs\/projects\/ck-himalaya\/\" \/>\n<meta property=\"og:site_name\" content=\"Kollektiv307 - Branding &amp; Graphic Design Studio Prague\" \/>\n<meta property=\"article:modified_time\" content=\"2026-04-02T09:35:37+00:00\" \/>\n<meta property=\"og:image\" content=\"https:\/\/www.kollektiv307.com\/wp-content\/uploads\/2025\/07\/himalaya04.jpg\" \/>\n\t<meta property=\"og:image:width\" content=\"1500\" \/>\n\t<meta property=\"og:image:height\" content=\"1000\" \/>\n\t<meta property=\"og:image:type\" content=\"image\/jpeg\" \/>\n<meta name=\"twitter:card\" content=\"summary_large_image\" \/>\n<meta name=\"twitter:label1\" content=\"Odhadovan\u00e1 doba \u010dten\u00ed\" \/>\n\t<meta name=\"twitter:data1\" content=\"1 minuta\" \/>\n<script type=\"application\/ld+json\" class=\"yoast-schema-graph\">{\"@context\":\"https:\\\/\\\/schema.org\",\"@graph\":[{\"@type\":\"WebPage\",\"@id\":\"https:\\\/\\\/www.kollektiv307.com\\\/projects\\\/ck-himalaya\",\"url\":\"https:\\\/\\\/www.kollektiv307.com\\\/projects\\\/ck-himalaya\",\"name\":\"CK Himalaya - Kollektiv307 - Branding &amp; Graphic Design Studio Prague\",\"isPartOf\":{\"@id\":\"https:\\\/\\\/www.kollektiv307.com\\\/#website\"},\"primaryImageOfPage\":{\"@id\":\"https:\\\/\\\/www.kollektiv307.com\\\/projects\\\/ck-himalaya#primaryimage\"},\"image\":{\"@id\":\"https:\\\/\\\/www.kollektiv307.com\\\/projects\\\/ck-himalaya#primaryimage\"},\"thumbnailUrl\":\"https:\\\/\\\/www.kollektiv307.com\\\/wp-content\\\/uploads\\\/2025\\\/07\\\/himalaya04.jpg\",\"datePublished\":\"2025-07-31T13:22:11+00:00\",\"dateModified\":\"2026-04-02T09:35:37+00:00\",\"description\":\"CK Himalaya is a Czech outdoor travel agency with decades of experience in high-altitude expeditions and trekking adventures.\",\"breadcrumb\":{\"@id\":\"https:\\\/\\\/www.kollektiv307.com\\\/projects\\\/ck-himalaya#breadcrumb\"},\"inLanguage\":\"cs\",\"potentialAction\":[{\"@type\":\"ReadAction\",\"target\":[\"https:\\\/\\\/www.kollektiv307.com\\\/projects\\\/ck-himalaya\"]}]},{\"@type\":\"ImageObject\",\"inLanguage\":\"cs\",\"@id\":\"https:\\\/\\\/www.kollektiv307.com\\\/projects\\\/ck-himalaya#primaryimage\",\"url\":\"https:\\\/\\\/www.kollektiv307.com\\\/wp-content\\\/uploads\\\/2025\\\/07\\\/himalaya04.jpg\",\"contentUrl\":\"https:\\\/\\\/www.kollektiv307.com\\\/wp-content\\\/uploads\\\/2025\\\/07\\\/himalaya04.jpg\"},{\"@type\":\"BreadcrumbList\",\"@id\":\"https:\\\/\\\/www.kollektiv307.com\\\/projects\\\/ck-himalaya#breadcrumb\",\"itemListElement\":[{\"@type\":\"ListItem\",\"position\":1,\"name\":\"Home\",\"item\":\"https:\\\/\\\/www.kollektiv307.com\\\/\"},{\"@type\":\"ListItem\",\"position\":2,\"name\":\"Work\",\"item\":\"https:\\\/\\\/www.kollektiv307.com\\\/projects\"},{\"@type\":\"ListItem\",\"position\":3,\"name\":\"CK Himalaya\"}]},{\"@type\":\"WebSite\",\"@id\":\"https:\\\/\\\/www.kollektiv307.com\\\/#website\",\"url\":\"https:\\\/\\\/www.kollektiv307.com\\\/\",\"name\":\"Kollektiv307\",\"description\":\"Creating lasting brands with intention\",\"publisher\":{\"@id\":\"https:\\\/\\\/www.kollektiv307.com\\\/#organization\"},\"alternateName\":\"Kollektiv307\",\"potentialAction\":[{\"@type\":\"SearchAction\",\"target\":{\"@type\":\"EntryPoint\",\"urlTemplate\":\"https:\\\/\\\/www.kollektiv307.com\\\/?s={search_term_string}\"},\"query-input\":{\"@type\":\"PropertyValueSpecification\",\"valueRequired\":true,\"valueName\":\"search_term_string\"}}],\"inLanguage\":\"cs\"},{\"@type\":\"Organization\",\"@id\":\"https:\\\/\\\/www.kollektiv307.com\\\/#organization\",\"name\":\"Kollektiv307\",\"alternateName\":\"Kollektiv307\",\"url\":\"https:\\\/\\\/www.kollektiv307.com\\\/\",\"logo\":{\"@type\":\"ImageObject\",\"inLanguage\":\"cs\",\"@id\":\"https:\\\/\\\/www.kollektiv307.com\\\/#\\\/schema\\\/logo\\\/image\\\/\",\"url\":\"https:\\\/\\\/www.kollektiv307.com\\\/wp-content\\\/uploads\\\/2025\\\/07\\\/logo-linkedin2.jpg\",\"contentUrl\":\"https:\\\/\\\/www.kollektiv307.com\\\/wp-content\\\/uploads\\\/2025\\\/07\\\/logo-linkedin2.jpg\",\"width\":567,\"height\":567,\"caption\":\"Kollektiv307\"},\"image\":{\"@id\":\"https:\\\/\\\/www.kollektiv307.com\\\/#\\\/schema\\\/logo\\\/image\\\/\"}}]}<\/script>\n<!-- \/ Yoast SEO plugin. -->","yoast_head_json":{"title":"CK Himalaya - Kollektiv307 - Branding &amp; Graphic Design Studio Prague","description":"CK Himalaya is a Czech outdoor travel agency with decades of experience in high-altitude expeditions and trekking adventures.","robots":{"index":"index","follow":"follow","max-snippet":"max-snippet:-1","max-image-preview":"max-image-preview:large","max-video-preview":"max-video-preview:-1"},"canonical":"https:\/\/www.kollektiv307.com\/cs\/projects\/ck-himalaya\/","og_locale":"cs_CZ","og_type":"article","og_title":"CK Himalaya - Kollektiv307 - Branding &amp; Graphic Design Studio Prague","og_description":"CK Himalaya is a Czech outdoor travel agency with decades of experience in high-altitude expeditions and trekking adventures.","og_url":"https:\/\/www.kollektiv307.com\/cs\/projects\/ck-himalaya\/","og_site_name":"Kollektiv307 - Branding &amp; Graphic Design Studio Prague","article_modified_time":"2026-04-02T09:35:37+00:00","og_image":[{"width":1500,"height":1000,"url":"https:\/\/www.kollektiv307.com\/wp-content\/uploads\/2025\/07\/himalaya04.jpg","type":"image\/jpeg"}],"twitter_card":"summary_large_image","twitter_misc":{"Odhadovan\u00e1 doba \u010dten\u00ed":"1 minuta"},"schema":{"@context":"https:\/\/schema.org","@graph":[{"@type":"WebPage","@id":"https:\/\/www.kollektiv307.com\/projects\/ck-himalaya","url":"https:\/\/www.kollektiv307.com\/projects\/ck-himalaya","name":"CK Himalaya - Kollektiv307 - Branding &amp; Graphic Design Studio Prague","isPartOf":{"@id":"https:\/\/www.kollektiv307.com\/#website"},"primaryImageOfPage":{"@id":"https:\/\/www.kollektiv307.com\/projects\/ck-himalaya#primaryimage"},"image":{"@id":"https:\/\/www.kollektiv307.com\/projects\/ck-himalaya#primaryimage"},"thumbnailUrl":"https:\/\/www.kollektiv307.com\/wp-content\/uploads\/2025\/07\/himalaya04.jpg","datePublished":"2025-07-31T13:22:11+00:00","dateModified":"2026-04-02T09:35:37+00:00","description":"CK Himalaya is a Czech outdoor travel agency with decades of experience in high-altitude expeditions and trekking adventures.","breadcrumb":{"@id":"https:\/\/www.kollektiv307.com\/projects\/ck-himalaya#breadcrumb"},"inLanguage":"cs","potentialAction":[{"@type":"ReadAction","target":["https:\/\/www.kollektiv307.com\/projects\/ck-himalaya"]}]},{"@type":"ImageObject","inLanguage":"cs","@id":"https:\/\/www.kollektiv307.com\/projects\/ck-himalaya#primaryimage","url":"https:\/\/www.kollektiv307.com\/wp-content\/uploads\/2025\/07\/himalaya04.jpg","contentUrl":"https:\/\/www.kollektiv307.com\/wp-content\/uploads\/2025\/07\/himalaya04.jpg"},{"@type":"BreadcrumbList","@id":"https:\/\/www.kollektiv307.com\/projects\/ck-himalaya#breadcrumb","itemListElement":[{"@type":"ListItem","position":1,"name":"Home","item":"https:\/\/www.kollektiv307.com\/"},{"@type":"ListItem","position":2,"name":"Work","item":"https:\/\/www.kollektiv307.com\/projects"},{"@type":"ListItem","position":3,"name":"CK Himalaya"}]},{"@type":"WebSite","@id":"https:\/\/www.kollektiv307.com\/#website","url":"https:\/\/www.kollektiv307.com\/","name":"Kollektiv307","description":"Creating lasting brands with intention","publisher":{"@id":"https:\/\/www.kollektiv307.com\/#organization"},"alternateName":"Kollektiv307","potentialAction":[{"@type":"SearchAction","target":{"@type":"EntryPoint","urlTemplate":"https:\/\/www.kollektiv307.com\/?s={search_term_string}"},"query-input":{"@type":"PropertyValueSpecification","valueRequired":true,"valueName":"search_term_string"}}],"inLanguage":"cs"},{"@type":"Organization","@id":"https:\/\/www.kollektiv307.com\/#organization","name":"Kollektiv307","alternateName":"Kollektiv307","url":"https:\/\/www.kollektiv307.com\/","logo":{"@type":"ImageObject","inLanguage":"cs","@id":"https:\/\/www.kollektiv307.com\/#\/schema\/logo\/image\/","url":"https:\/\/www.kollektiv307.com\/wp-content\/uploads\/2025\/07\/logo-linkedin2.jpg","contentUrl":"https:\/\/www.kollektiv307.com\/wp-content\/uploads\/2025\/07\/logo-linkedin2.jpg","width":567,"height":567,"caption":"Kollektiv307"},"image":{"@id":"https:\/\/www.kollektiv307.com\/#\/schema\/logo\/image\/"}}]}},"_links":{"self":[{"href":"https:\/\/www.kollektiv307.com\/cs\/wp-json\/wp\/v2\/pages\/848","targetHints":{"allow":["GET"]}}],"collection":[{"href":"https:\/\/www.kollektiv307.com\/cs\/wp-json\/wp\/v2\/pages"}],"about":[{"href":"https:\/\/www.kollektiv307.com\/cs\/wp-json\/wp\/v2\/types\/page"}],"author":[{"embeddable":true,"href":"https:\/\/www.kollektiv307.com\/cs\/wp-json\/wp\/v2\/users\/1"}],"replies":[{"embeddable":true,"href":"https:\/\/www.kollektiv307.com\/cs\/wp-json\/wp\/v2\/comments?post=848"}],"version-history":[{"count":75,"href":"https:\/\/www.kollektiv307.com\/cs\/wp-json\/wp\/v2\/pages\/848\/revisions"}],"predecessor-version":[{"id":2760,"href":"https:\/\/www.kollektiv307.com\/cs\/wp-json\/wp\/v2\/pages\/848\/revisions\/2760"}],"up":[{"embeddable":true,"href":"https:\/\/www.kollektiv307.com\/cs\/wp-json\/wp\/v2\/pages\/513"}],"wp:attachment":[{"href":"https:\/\/www.kollektiv307.com\/cs\/wp-json\/wp\/v2\/media?parent=848"}],"wp:term":[{"taxonomy":"filter","embeddable":true,"href":"https:\/\/www.kollektiv307.com\/cs\/wp-json\/wp\/v2\/filter?post=848"}],"curies":[{"name":"wp","href":"https:\/\/api.w.org\/{rel}","templated":true}]}}