{"id":726,"date":"2025-07-28T20:44:26","date_gmt":"2025-07-28T20:44:26","guid":{"rendered":"https:\/\/www.kollektiv307.com\/?page_id=726"},"modified":"2026-04-02T18:23:01","modified_gmt":"2026-04-02T18:23:01","slug":"banff-mountain-film-festival","status":"publish","type":"page","link":"https:\/\/www.kollektiv307.com\/cs\/projects\/banff-mountain-film-festival","title":{"rendered":"Banff Mountain Film Festival"},"content":{"rendered":"<div data-elementor-type=\"wp-page\" data-elementor-id=\"726\" class=\"elementor elementor-726\" data-elementor-post-type=\"page\">\n\t\t\t\t<div class=\"elementor-element elementor-element-ea855af e-con-full e-flex e-con e-parent\" data-id=\"ea855af\" data-element_type=\"container\" data-e-type=\"container\">\n\t\t<div class=\"elementor-element elementor-element-6198a44 e-con-full e-flex e-con e-child\" data-id=\"6198a44\" data-element_type=\"container\" data-e-type=\"container\">\n\t\t\t\t<div class=\"elementor-element elementor-element-bc4bf06 elementor-widget elementor-widget-text-editor\" data-id=\"bc4bf06\" data-element_type=\"widget\" data-e-type=\"widget\" data-widget_type=\"text-editor.default\">\n\t\t\t\t\t\t\t\t\t<p data-start=\"297\" data-end=\"479\">Filmov\u00fd festival Banff Mountain Film Festival p\u0159in\u00e1\u0161\u00ed div\u00e1k\u016fm po cel\u00e9m sv\u011bt\u011b ty nejlep\u0161\u00ed filmy o outdoorov\u00fdch aktivit\u00e1ch a dobrodru\u017estv\u00ed \u2013 od kanadsk\u00fdch Skalist\u00fdch hor a\u017e po v\u00edce ne\u017e 40 zem\u00ed.<br \/><br \/>Online prezentace pro \u010desko-slovenskou edici festivalu vych\u00e1z\u00ed z ikonick\u00e9ho vizu\u00e1ln\u00edho jazyka Banffu. Zachov\u00e1v\u00e1 jeho charakteristickou barevnost a v\u00fdraznou geometrii, kter\u00e9 dopl\u0148uje \u010dist\u00fd, responzivn\u00ed web s pocitem lehkosti a pohybu. V\u00fdsledkem je sou\u010dasn\u00e1 podoba, kter\u00e1 respektuje horskou energii origin\u00e1lu, ale z\u00e1rove\u0148 si buduje vlastn\u00ed identitu.<\/p>\t\t\t\t\t\t\t\t<\/div>\n\t\t\t\t<\/div>\n\t\t<div class=\"elementor-element elementor-element-23faeb6 e-con-full e-flex e-con e-child\" data-id=\"23faeb6\" data-element_type=\"container\" data-e-type=\"container\">\n\t\t\t\t<div class=\"elementor-element elementor-element-95e716b elementor-widget__width-inherit elementor-widget elementor-widget-button\" data-id=\"95e716b\" data-element_type=\"widget\" data-e-type=\"widget\" data-widget_type=\"button.default\">\n\t\t\t\t\t\t\t\t\t\t<a class=\"elementor-button elementor-size-sm\" role=\"button\">\n\t\t\t\t\t\t<span class=\"elementor-button-content-wrapper\">\n\t\t\t\t\t\t\t\t\t<span class=\"elementor-button-text\">Website, Social Media, Posters<\/span>\n\t\t\t\t\t<\/span>\n\t\t\t\t\t<\/a>\n\t\t\t\t\t\t\t\t<\/div>\n\t\t\t\t<div class=\"elementor-element elementor-element-6caf41f elementor-widget__width-inherit elementor-widget-mobile__width-inherit elementor-widget elementor-widget-heading\" data-id=\"6caf41f\" data-element_type=\"widget\" data-e-type=\"widget\" data-widget_type=\"heading.default\">\n\t\t\t\t\t<h2 class=\"elementor-heading-title elementor-size-default\">Banff <\/h2>\t\t\t\t<\/div>\n\t\t<div class=\"elementor-element elementor-element-618f122 e-con-full e-flex e-con e-child\" data-id=\"618f122\" data-element_type=\"container\" data-e-type=\"container\">\n\t\t<div class=\"elementor-element elementor-element-012c541 e-con-full e-flex e-con e-child\" data-id=\"012c541\" data-element_type=\"container\" data-e-type=\"container\">\n\t\t\t\t<div class=\"elementor-element elementor-element-d477639 elementor-icon-list--layout-traditional elementor-list-item-link-full_width elementor-widget elementor-widget-icon-list\" data-id=\"d477639\" data-element_type=\"widget\" data-e-type=\"widget\" data-widget_type=\"icon-list.default\">\n\t\t\t\t\t\t\t<ul class=\"elementor-icon-list-items\">\n\t\t\t\t\t\t\t<li class=\"elementor-icon-list-item\">\n\t\t\t\t\t\t\t\t\t\t<span class=\"elementor-icon-list-text\">Klient<\/span>\n\t\t\t\t\t\t\t\t\t<\/li>\n\t\t\t\t\t\t\t\t<li class=\"elementor-icon-list-item\">\n\t\t\t\t\t\t\t\t\t\t<span class=\"elementor-icon-list-text\">Lokace<\/span>\n\t\t\t\t\t\t\t\t\t<\/li>\n\t\t\t\t\t\t\t\t<li class=\"elementor-icon-list-item\">\n\t\t\t\t\t\t\t\t\t\t<span class=\"elementor-icon-list-text\">Rok<\/span>\n\t\t\t\t\t\t\t\t\t<\/li>\n\t\t\t\t\t\t<\/ul>\n\t\t\t\t\t\t<\/div>\n\t\t\t\t<\/div>\n\t\t<div class=\"elementor-element elementor-element-73ab37b e-con-full e-flex e-con e-child\" data-id=\"73ab37b\" data-element_type=\"container\" data-e-type=\"container\">\n\t\t\t\t<div class=\"elementor-element elementor-element-63f5dc8 elementor-icon-list--layout-traditional elementor-list-item-link-full_width elementor-widget elementor-widget-icon-list\" data-id=\"63f5dc8\" data-element_type=\"widget\" data-e-type=\"widget\" data-widget_type=\"icon-list.default\">\n\t\t\t\t\t\t\t<ul class=\"elementor-icon-list-items\">\n\t\t\t\t\t\t\t<li class=\"elementor-icon-list-item\">\n\t\t\t\t\t\t\t\t\t\t<span class=\"elementor-icon-list-text\">Banff CZ\/SK<\/span>\n\t\t\t\t\t\t\t\t\t<\/li>\n\t\t\t\t\t\t\t\t<li class=\"elementor-icon-list-item\">\n\t\t\t\t\t\t\t\t\t\t<span class=\"elementor-icon-list-text\">Czechia<\/span>\n\t\t\t\t\t\t\t\t\t<\/li>\n\t\t\t\t\t\t\t\t<li class=\"elementor-icon-list-item\">\n\t\t\t\t\t\t\t\t\t\t<span class=\"elementor-icon-list-text\">2024<\/span>\n\t\t\t\t\t\t\t\t\t<\/li>\n\t\t\t\t\t\t<\/ul>\n\t\t\t\t\t\t<\/div>\n\t\t\t\t<\/div>\n\t\t\t\t<\/div>\n\t\t\t\t<\/div>\n\t\t\t\t<\/div>\n\t\t<div class=\"elementor-element elementor-element-63d0739 e-con-full e-flex e-con e-parent\" data-id=\"63d0739\" data-element_type=\"container\" data-e-type=\"container\">\n\t\t<div class=\"elementor-element elementor-element-ca40479 e-con-full e-flex e-con e-child\" data-id=\"ca40479\" data-element_type=\"container\" data-e-type=\"container\">\n\t\t\t\t<div class=\"elementor-element elementor-element-8e0f184 elementor-widget elementor-widget-image\" data-id=\"8e0f184\" data-element_type=\"widget\" data-e-type=\"widget\" data-widget_type=\"image.default\">\n\t\t\t\t\t\t\t\t\t\t\t\t\t\t\t<img fetchpriority=\"high\" decoding=\"async\" width=\"2000\" height=\"1408\" src=\"https:\/\/www.kollektiv307.com\/wp-content\/uploads\/2025\/07\/banff3.jpg\" class=\"attachment-full size-full wp-image-740\" alt=\"\" srcset=\"https:\/\/www.kollektiv307.com\/wp-content\/uploads\/2025\/07\/banff3.jpg 2000w, https:\/\/www.kollektiv307.com\/wp-content\/uploads\/2025\/07\/banff3-300x211.jpg 300w, https:\/\/www.kollektiv307.com\/wp-content\/uploads\/2025\/07\/banff3-1024x721.jpg 1024w, https:\/\/www.kollektiv307.com\/wp-content\/uploads\/2025\/07\/banff3-768x541.jpg 768w, https:\/\/www.kollektiv307.com\/wp-content\/uploads\/2025\/07\/banff3-1536x1081.jpg 1536w\" sizes=\"(max-width: 2000px) 100vw, 2000px\" \/>\t\t\t\t\t\t\t\t\t\t\t\t\t\t\t<\/div>\n\t\t\t\t<\/div>\n\t\t<div class=\"elementor-element elementor-element-538e77f e-con-full e-flex e-con e-child\" data-id=\"538e77f\" data-element_type=\"container\" data-e-type=\"container\">\n\t\t\t\t<div class=\"elementor-element elementor-element-54f980c elementor-widget elementor-widget-image\" data-id=\"54f980c\" data-element_type=\"widget\" data-e-type=\"widget\" data-widget_type=\"image.default\">\n\t\t\t\t\t\t\t\t\t\t\t\t\t\t\t<img decoding=\"async\" width=\"2000\" height=\"1408\" src=\"https:\/\/www.kollektiv307.com\/wp-content\/uploads\/2025\/07\/banff01.jpg\" class=\"attachment-full size-full wp-image-739\" alt=\"website making studio Prague\" srcset=\"https:\/\/www.kollektiv307.com\/wp-content\/uploads\/2025\/07\/banff01.jpg 2000w, https:\/\/www.kollektiv307.com\/wp-content\/uploads\/2025\/07\/banff01-300x211.jpg 300w, https:\/\/www.kollektiv307.com\/wp-content\/uploads\/2025\/07\/banff01-1024x721.jpg 1024w, https:\/\/www.kollektiv307.com\/wp-content\/uploads\/2025\/07\/banff01-768x541.jpg 768w, https:\/\/www.kollektiv307.com\/wp-content\/uploads\/2025\/07\/banff01-1536x1081.jpg 1536w\" sizes=\"(max-width: 2000px) 100vw, 2000px\" \/>\t\t\t\t\t\t\t\t\t\t\t\t\t\t\t<\/div>\n\t\t\t\t<\/div>\n\t\t\t\t<\/div>\n\t\t<div class=\"elementor-element elementor-element-27ac87b e-con-full e-flex e-con e-parent\" data-id=\"27ac87b\" data-element_type=\"container\" data-e-type=\"container\">\n\t\t<div class=\"elementor-element elementor-element-ce70343 e-con-full e-flex e-con e-child\" data-id=\"ce70343\" data-element_type=\"container\" data-e-type=\"container\">\n\t\t\t\t<div class=\"elementor-element elementor-element-efd8056 elementor-widget elementor-widget-image\" data-id=\"efd8056\" data-element_type=\"widget\" data-e-type=\"widget\" data-widget_type=\"image.default\">\n\t\t\t\t\t\t\t\t\t\t\t\t\t\t\t<img decoding=\"async\" width=\"2044\" height=\"1572\" src=\"https:\/\/www.kollektiv307.com\/wp-content\/uploads\/2025\/08\/banff6.jpg\" class=\"attachment-full size-full wp-image-931\" alt=\"graphic studio Prague\" srcset=\"https:\/\/www.kollektiv307.com\/wp-content\/uploads\/2025\/08\/banff6.jpg 2044w, https:\/\/www.kollektiv307.com\/wp-content\/uploads\/2025\/08\/banff6-300x231.jpg 300w, https:\/\/www.kollektiv307.com\/wp-content\/uploads\/2025\/08\/banff6-1024x788.jpg 1024w, https:\/\/www.kollektiv307.com\/wp-content\/uploads\/2025\/08\/banff6-768x591.jpg 768w, https:\/\/www.kollektiv307.com\/wp-content\/uploads\/2025\/08\/banff6-1536x1181.jpg 1536w\" sizes=\"(max-width: 2044px) 100vw, 2044px\" \/>\t\t\t\t\t\t\t\t\t\t\t\t\t\t\t<\/div>\n\t\t\t\t<\/div>\n\t\t<div class=\"elementor-element elementor-element-724a3e1 e-con-full e-flex e-con e-child\" data-id=\"724a3e1\" data-element_type=\"container\" data-e-type=\"container\">\n\t\t\t\t<div class=\"elementor-element elementor-element-206fedc elementor-widget elementor-widget-image\" data-id=\"206fedc\" data-element_type=\"widget\" data-e-type=\"widget\" data-widget_type=\"image.default\">\n\t\t\t\t\t\t\t\t\t\t\t\t\t\t\t<img loading=\"lazy\" decoding=\"async\" width=\"2044\" height=\"1572\" src=\"https:\/\/www.kollektiv307.com\/wp-content\/uploads\/2025\/07\/banff5.jpg\" class=\"attachment-full size-full wp-image-746\" alt=\"\" srcset=\"https:\/\/www.kollektiv307.com\/wp-content\/uploads\/2025\/07\/banff5.jpg 2044w, https:\/\/www.kollektiv307.com\/wp-content\/uploads\/2025\/07\/banff5-300x231.jpg 300w, https:\/\/www.kollektiv307.com\/wp-content\/uploads\/2025\/07\/banff5-1024x788.jpg 1024w, https:\/\/www.kollektiv307.com\/wp-content\/uploads\/2025\/07\/banff5-768x591.jpg 768w, https:\/\/www.kollektiv307.com\/wp-content\/uploads\/2025\/07\/banff5-1536x1181.jpg 1536w\" sizes=\"(max-width: 2044px) 100vw, 2044px\" \/>\t\t\t\t\t\t\t\t\t\t\t\t\t\t\t<\/div>\n\t\t\t\t<\/div>\n\t\t\t\t<\/div>\n\t\t\t\t<\/div>","protected":false},"excerpt":{"rendered":"<p>Banff Mountain Film Festival brings the world\u2019s best outdoor and adventure films to global audiences \u2014 from the Canadian Rockies to over 40 countries. The online presence for the Czech-Slovak edition of the festival builds on Banff\u2019s iconic visual language. The signature color palette and bold geometry are preserved, while a clean, responsive site brings [&hellip;]<\/p>\n","protected":false},"author":1,"featured_media":0,"parent":513,"menu_order":0,"comment_status":"closed","ping_status":"closed","template":"elementor_header_footer","meta":{"_acf_changed":false,"footnotes":""},"filter":[12],"class_list":["post-726","page","type-page","status-publish","hentry","filter-web-digital"],"acf":[],"yoast_head":"<!-- This site is optimized with the Yoast SEO plugin v27.4 - https:\/\/yoast.com\/product\/yoast-seo-wordpress\/ -->\n<title>Banff Mountain Film Festival - Kollektiv307 - Branding &amp; Graphic Design Studio Prague<\/title>\n<meta name=\"description\" content=\"We created a timeless and iconic identity for Lumi\u00e8re \u00c9l\u00e9gance \u2014 a lingerie brand built to stand at the top of the luxury game.\" \/>\n<meta name=\"robots\" content=\"index, follow, max-snippet:-1, max-image-preview:large, max-video-preview:-1\" \/>\n<link rel=\"canonical\" href=\"https:\/\/www.kollektiv307.com\/cs\/projects\/banff-mountain-film-festival\/\" \/>\n<meta property=\"og:locale\" content=\"cs_CZ\" \/>\n<meta property=\"og:type\" content=\"article\" \/>\n<meta property=\"og:title\" content=\"Banff Mountain Film Festival - Kollektiv307 - Branding &amp; Graphic Design Studio Prague\" \/>\n<meta property=\"og:description\" content=\"We created a timeless and iconic identity for Lumi\u00e8re \u00c9l\u00e9gance \u2014 a lingerie brand built to stand at the top of the luxury game.\" \/>\n<meta property=\"og:url\" content=\"https:\/\/www.kollektiv307.com\/cs\/projects\/banff-mountain-film-festival\/\" \/>\n<meta property=\"og:site_name\" content=\"Kollektiv307 - Branding &amp; Graphic Design Studio Prague\" \/>\n<meta property=\"article:modified_time\" content=\"2026-04-02T18:23:01+00:00\" \/>\n<meta property=\"og:image\" content=\"https:\/\/www.kollektiv307.com\/wp-content\/uploads\/2025\/07\/banff3.jpg\" \/>\n\t<meta property=\"og:image:width\" content=\"2000\" \/>\n\t<meta property=\"og:image:height\" content=\"1408\" \/>\n\t<meta property=\"og:image:type\" content=\"image\/jpeg\" \/>\n<meta name=\"twitter:card\" content=\"summary_large_image\" \/>\n<meta name=\"twitter:label1\" content=\"Odhadovan\u00e1 doba \u010dten\u00ed\" \/>\n\t<meta name=\"twitter:data1\" content=\"1 minuta\" \/>\n<script type=\"application\/ld+json\" class=\"yoast-schema-graph\">{\"@context\":\"https:\\\/\\\/schema.org\",\"@graph\":[{\"@type\":\"WebPage\",\"@id\":\"https:\\\/\\\/www.kollektiv307.com\\\/projects\\\/banff-mountain-film-festival\",\"url\":\"https:\\\/\\\/www.kollektiv307.com\\\/projects\\\/banff-mountain-film-festival\",\"name\":\"Banff Mountain Film Festival - Kollektiv307 - Branding &amp; Graphic Design Studio Prague\",\"isPartOf\":{\"@id\":\"https:\\\/\\\/www.kollektiv307.com\\\/#website\"},\"primaryImageOfPage\":{\"@id\":\"https:\\\/\\\/www.kollektiv307.com\\\/projects\\\/banff-mountain-film-festival#primaryimage\"},\"image\":{\"@id\":\"https:\\\/\\\/www.kollektiv307.com\\\/projects\\\/banff-mountain-film-festival#primaryimage\"},\"thumbnailUrl\":\"https:\\\/\\\/www.kollektiv307.com\\\/wp-content\\\/uploads\\\/2025\\\/07\\\/banff3.jpg\",\"datePublished\":\"2025-07-28T20:44:26+00:00\",\"dateModified\":\"2026-04-02T18:23:01+00:00\",\"description\":\"We created a timeless and iconic identity for Lumi\u00e8re \u00c9l\u00e9gance \u2014 a lingerie brand built to stand at the top of the luxury game.\",\"breadcrumb\":{\"@id\":\"https:\\\/\\\/www.kollektiv307.com\\\/projects\\\/banff-mountain-film-festival#breadcrumb\"},\"inLanguage\":\"cs\",\"potentialAction\":[{\"@type\":\"ReadAction\",\"target\":[\"https:\\\/\\\/www.kollektiv307.com\\\/projects\\\/banff-mountain-film-festival\"]}]},{\"@type\":\"ImageObject\",\"inLanguage\":\"cs\",\"@id\":\"https:\\\/\\\/www.kollektiv307.com\\\/projects\\\/banff-mountain-film-festival#primaryimage\",\"url\":\"https:\\\/\\\/www.kollektiv307.com\\\/wp-content\\\/uploads\\\/2025\\\/07\\\/banff3.jpg\",\"contentUrl\":\"https:\\\/\\\/www.kollektiv307.com\\\/wp-content\\\/uploads\\\/2025\\\/07\\\/banff3.jpg\"},{\"@type\":\"BreadcrumbList\",\"@id\":\"https:\\\/\\\/www.kollektiv307.com\\\/projects\\\/banff-mountain-film-festival#breadcrumb\",\"itemListElement\":[{\"@type\":\"ListItem\",\"position\":1,\"name\":\"Home\",\"item\":\"https:\\\/\\\/www.kollektiv307.com\\\/\"},{\"@type\":\"ListItem\",\"position\":2,\"name\":\"Work\",\"item\":\"https:\\\/\\\/www.kollektiv307.com\\\/projects\"},{\"@type\":\"ListItem\",\"position\":3,\"name\":\"Banff Mountain Film Festival\"}]},{\"@type\":\"WebSite\",\"@id\":\"https:\\\/\\\/www.kollektiv307.com\\\/#website\",\"url\":\"https:\\\/\\\/www.kollektiv307.com\\\/\",\"name\":\"Kollektiv307\",\"description\":\"Creating lasting brands with intention\",\"publisher\":{\"@id\":\"https:\\\/\\\/www.kollektiv307.com\\\/#organization\"},\"alternateName\":\"Kollektiv307\",\"potentialAction\":[{\"@type\":\"SearchAction\",\"target\":{\"@type\":\"EntryPoint\",\"urlTemplate\":\"https:\\\/\\\/www.kollektiv307.com\\\/?s={search_term_string}\"},\"query-input\":{\"@type\":\"PropertyValueSpecification\",\"valueRequired\":true,\"valueName\":\"search_term_string\"}}],\"inLanguage\":\"cs\"},{\"@type\":\"Organization\",\"@id\":\"https:\\\/\\\/www.kollektiv307.com\\\/#organization\",\"name\":\"Kollektiv307\",\"alternateName\":\"Kollektiv307\",\"url\":\"https:\\\/\\\/www.kollektiv307.com\\\/\",\"logo\":{\"@type\":\"ImageObject\",\"inLanguage\":\"cs\",\"@id\":\"https:\\\/\\\/www.kollektiv307.com\\\/#\\\/schema\\\/logo\\\/image\\\/\",\"url\":\"https:\\\/\\\/www.kollektiv307.com\\\/wp-content\\\/uploads\\\/2025\\\/07\\\/logo-linkedin2.jpg\",\"contentUrl\":\"https:\\\/\\\/www.kollektiv307.com\\\/wp-content\\\/uploads\\\/2025\\\/07\\\/logo-linkedin2.jpg\",\"width\":567,\"height\":567,\"caption\":\"Kollektiv307\"},\"image\":{\"@id\":\"https:\\\/\\\/www.kollektiv307.com\\\/#\\\/schema\\\/logo\\\/image\\\/\"}}]}<\/script>\n<!-- \/ Yoast SEO plugin. -->","yoast_head_json":{"title":"Banff Mountain Film Festival - Kollektiv307 - Branding &amp; Graphic Design Studio Prague","description":"We created a timeless and iconic identity for Lumi\u00e8re \u00c9l\u00e9gance \u2014 a lingerie brand built to stand at the top of the luxury game.","robots":{"index":"index","follow":"follow","max-snippet":"max-snippet:-1","max-image-preview":"max-image-preview:large","max-video-preview":"max-video-preview:-1"},"canonical":"https:\/\/www.kollektiv307.com\/cs\/projects\/banff-mountain-film-festival\/","og_locale":"cs_CZ","og_type":"article","og_title":"Banff Mountain Film Festival - Kollektiv307 - Branding &amp; Graphic Design Studio Prague","og_description":"We created a timeless and iconic identity for Lumi\u00e8re \u00c9l\u00e9gance \u2014 a lingerie brand built to stand at the top of the luxury game.","og_url":"https:\/\/www.kollektiv307.com\/cs\/projects\/banff-mountain-film-festival\/","og_site_name":"Kollektiv307 - Branding &amp; Graphic Design Studio Prague","article_modified_time":"2026-04-02T18:23:01+00:00","og_image":[{"width":2000,"height":1408,"url":"https:\/\/www.kollektiv307.com\/wp-content\/uploads\/2025\/07\/banff3.jpg","type":"image\/jpeg"}],"twitter_card":"summary_large_image","twitter_misc":{"Odhadovan\u00e1 doba \u010dten\u00ed":"1 minuta"},"schema":{"@context":"https:\/\/schema.org","@graph":[{"@type":"WebPage","@id":"https:\/\/www.kollektiv307.com\/projects\/banff-mountain-film-festival","url":"https:\/\/www.kollektiv307.com\/projects\/banff-mountain-film-festival","name":"Banff Mountain Film Festival - Kollektiv307 - Branding &amp; Graphic Design Studio Prague","isPartOf":{"@id":"https:\/\/www.kollektiv307.com\/#website"},"primaryImageOfPage":{"@id":"https:\/\/www.kollektiv307.com\/projects\/banff-mountain-film-festival#primaryimage"},"image":{"@id":"https:\/\/www.kollektiv307.com\/projects\/banff-mountain-film-festival#primaryimage"},"thumbnailUrl":"https:\/\/www.kollektiv307.com\/wp-content\/uploads\/2025\/07\/banff3.jpg","datePublished":"2025-07-28T20:44:26+00:00","dateModified":"2026-04-02T18:23:01+00:00","description":"We created a timeless and iconic identity for Lumi\u00e8re \u00c9l\u00e9gance \u2014 a lingerie brand built to stand at the top of the luxury game.","breadcrumb":{"@id":"https:\/\/www.kollektiv307.com\/projects\/banff-mountain-film-festival#breadcrumb"},"inLanguage":"cs","potentialAction":[{"@type":"ReadAction","target":["https:\/\/www.kollektiv307.com\/projects\/banff-mountain-film-festival"]}]},{"@type":"ImageObject","inLanguage":"cs","@id":"https:\/\/www.kollektiv307.com\/projects\/banff-mountain-film-festival#primaryimage","url":"https:\/\/www.kollektiv307.com\/wp-content\/uploads\/2025\/07\/banff3.jpg","contentUrl":"https:\/\/www.kollektiv307.com\/wp-content\/uploads\/2025\/07\/banff3.jpg"},{"@type":"BreadcrumbList","@id":"https:\/\/www.kollektiv307.com\/projects\/banff-mountain-film-festival#breadcrumb","itemListElement":[{"@type":"ListItem","position":1,"name":"Home","item":"https:\/\/www.kollektiv307.com\/"},{"@type":"ListItem","position":2,"name":"Work","item":"https:\/\/www.kollektiv307.com\/projects"},{"@type":"ListItem","position":3,"name":"Banff Mountain Film Festival"}]},{"@type":"WebSite","@id":"https:\/\/www.kollektiv307.com\/#website","url":"https:\/\/www.kollektiv307.com\/","name":"Kollektiv307","description":"Creating lasting brands with intention","publisher":{"@id":"https:\/\/www.kollektiv307.com\/#organization"},"alternateName":"Kollektiv307","potentialAction":[{"@type":"SearchAction","target":{"@type":"EntryPoint","urlTemplate":"https:\/\/www.kollektiv307.com\/?s={search_term_string}"},"query-input":{"@type":"PropertyValueSpecification","valueRequired":true,"valueName":"search_term_string"}}],"inLanguage":"cs"},{"@type":"Organization","@id":"https:\/\/www.kollektiv307.com\/#organization","name":"Kollektiv307","alternateName":"Kollektiv307","url":"https:\/\/www.kollektiv307.com\/","logo":{"@type":"ImageObject","inLanguage":"cs","@id":"https:\/\/www.kollektiv307.com\/#\/schema\/logo\/image\/","url":"https:\/\/www.kollektiv307.com\/wp-content\/uploads\/2025\/07\/logo-linkedin2.jpg","contentUrl":"https:\/\/www.kollektiv307.com\/wp-content\/uploads\/2025\/07\/logo-linkedin2.jpg","width":567,"height":567,"caption":"Kollektiv307"},"image":{"@id":"https:\/\/www.kollektiv307.com\/#\/schema\/logo\/image\/"}}]}},"_links":{"self":[{"href":"https:\/\/www.kollektiv307.com\/cs\/wp-json\/wp\/v2\/pages\/726","targetHints":{"allow":["GET"]}}],"collection":[{"href":"https:\/\/www.kollektiv307.com\/cs\/wp-json\/wp\/v2\/pages"}],"about":[{"href":"https:\/\/www.kollektiv307.com\/cs\/wp-json\/wp\/v2\/types\/page"}],"author":[{"embeddable":true,"href":"https:\/\/www.kollektiv307.com\/cs\/wp-json\/wp\/v2\/users\/1"}],"replies":[{"embeddable":true,"href":"https:\/\/www.kollektiv307.com\/cs\/wp-json\/wp\/v2\/comments?post=726"}],"version-history":[{"count":82,"href":"https:\/\/www.kollektiv307.com\/cs\/wp-json\/wp\/v2\/pages\/726\/revisions"}],"predecessor-version":[{"id":2778,"href":"https:\/\/www.kollektiv307.com\/cs\/wp-json\/wp\/v2\/pages\/726\/revisions\/2778"}],"up":[{"embeddable":true,"href":"https:\/\/www.kollektiv307.com\/cs\/wp-json\/wp\/v2\/pages\/513"}],"wp:attachment":[{"href":"https:\/\/www.kollektiv307.com\/cs\/wp-json\/wp\/v2\/media?parent=726"}],"wp:term":[{"taxonomy":"filter","embeddable":true,"href":"https:\/\/www.kollektiv307.com\/cs\/wp-json\/wp\/v2\/filter?post=726"}],"curies":[{"name":"wp","href":"https:\/\/api.w.org\/{rel}","templated":true}]}}