{"id":2652,"date":"2026-03-29T17:03:06","date_gmt":"2026-03-29T17:03:06","guid":{"rendered":"https:\/\/www.kollektiv307.com\/?page_id=2652"},"modified":"2026-04-02T09:12:24","modified_gmt":"2026-04-02T09:12:24","slug":"infinity-lead","status":"publish","type":"page","link":"https:\/\/www.kollektiv307.com\/cs\/projects\/infinity-lead","title":{"rendered":"Infinity Lead"},"content":{"rendered":"<div data-elementor-type=\"wp-page\" data-elementor-id=\"2652\" class=\"elementor elementor-2652\" data-elementor-post-type=\"page\">\n\t\t\t\t<div class=\"elementor-element elementor-element-2ebc9e0 e-con-full e-flex e-con e-parent\" data-id=\"2ebc9e0\" data-element_type=\"container\" data-e-type=\"container\">\n\t\t<div class=\"elementor-element elementor-element-b1b914f e-con-full e-flex e-con e-child\" data-id=\"b1b914f\" data-element_type=\"container\" data-e-type=\"container\">\n\t\t\t\t<div class=\"elementor-element elementor-element-d74726c elementor-widget elementor-widget-text-editor\" data-id=\"d74726c\" data-element_type=\"widget\" data-e-type=\"widget\" data-widget_type=\"text-editor.default\">\n\t\t\t\t\t\t\t\t\t<p data-start=\"65\" data-end=\"353\">InfinityLead je platforma navr\u017een\u00e1 pro zefektivn\u011bn\u00ed generov\u00e1n\u00ed lead\u016f a outreach aktivit, kter\u00e1 firm\u00e1m pom\u00e1h\u00e1 efektivn\u011bji se spojit s t\u011bmi spr\u00e1vn\u00fdmi lidmi. Jako rostouc\u00ed produkt v konkuren\u010dn\u00edm prost\u0159ed\u00ed pot\u0159ebovala jasnou a sebev\u011bdomou identitu, kter\u00e1 komunikuje d\u016fv\u011bru, v\u00fdkon a jednoduchost.<\/p>\n<p data-start=\"355\" data-end=\"724\">Sm\u011br stoj\u00ed na palet\u011b v\u00fdrazn\u00fdch modr\u00fdch t\u00f3n\u016f a plynul\u00fdch gradient\u016f, kter\u00e9 vyjad\u0159uj\u00ed spolehlivost a nep\u0159etr\u017eit\u00fd tok, dopln\u011bn\u00fdch \u010distou typografi\u00ed posiluj\u00edc\u00ed p\u0159ehlednost a jednoduchost pou\u017e\u00edv\u00e1n\u00ed. V\u00fdsledkem je flexibiln\u00ed a konzistentn\u00ed vizu\u00e1ln\u00ed jazyk, kter\u00fd podporuje InfinityLead nap\u0159\u00ed\u010d v\u0161emi touchpointy a stav\u00ed ho do pozice modern\u00edho a schopn\u00e9ho n\u00e1stroje pro chyt\u0159ej\u0161\u00ed outreach.<\/p>\t\t\t\t\t\t\t\t<\/div>\n\t\t\t\t<\/div>\n\t\t<div class=\"elementor-element elementor-element-0439f9b e-con-full e-flex e-con e-child\" data-id=\"0439f9b\" data-element_type=\"container\" data-e-type=\"container\">\n\t\t\t\t<div class=\"elementor-element elementor-element-f8f617f elementor-widget__width-inherit elementor-widget elementor-widget-button\" data-id=\"f8f617f\" data-element_type=\"widget\" data-e-type=\"widget\" data-widget_type=\"button.default\">\n\t\t\t\t\t\t\t\t\t\t<a class=\"elementor-button elementor-size-sm\" role=\"button\">\n\t\t\t\t\t\t<span class=\"elementor-button-content-wrapper\">\n\t\t\t\t\t\t\t\t\t<span class=\"elementor-button-text\">Identita zna\u010dky, Website<\/span>\n\t\t\t\t\t<\/span>\n\t\t\t\t\t<\/a>\n\t\t\t\t\t\t\t\t<\/div>\n\t\t\t\t<div class=\"elementor-element elementor-element-72859bf elementor-widget__width-inherit elementor-widget-mobile__width-inherit elementor-widget elementor-widget-heading\" data-id=\"72859bf\" data-element_type=\"widget\" data-e-type=\"widget\" data-widget_type=\"heading.default\">\n\t\t\t\t\t<h2 class=\"elementor-heading-title elementor-size-default\">Infinity Lead<\/h2>\t\t\t\t<\/div>\n\t\t<div class=\"elementor-element elementor-element-b9be026 e-con-full e-flex e-con e-child\" data-id=\"b9be026\" data-element_type=\"container\" data-e-type=\"container\">\n\t\t<div class=\"elementor-element elementor-element-6c6f77b e-con-full e-flex e-con e-child\" data-id=\"6c6f77b\" data-element_type=\"container\" data-e-type=\"container\">\n\t\t\t\t<div class=\"elementor-element elementor-element-98e7166 elementor-icon-list--layout-traditional elementor-list-item-link-full_width elementor-widget elementor-widget-icon-list\" data-id=\"98e7166\" data-element_type=\"widget\" data-e-type=\"widget\" data-widget_type=\"icon-list.default\">\n\t\t\t\t\t\t\t<ul class=\"elementor-icon-list-items\">\n\t\t\t\t\t\t\t<li class=\"elementor-icon-list-item\">\n\t\t\t\t\t\t\t\t\t\t<span class=\"elementor-icon-list-text\">Klient<\/span>\n\t\t\t\t\t\t\t\t\t<\/li>\n\t\t\t\t\t\t\t\t<li class=\"elementor-icon-list-item\">\n\t\t\t\t\t\t\t\t\t\t<span class=\"elementor-icon-list-text\">Lokace <\/span>\n\t\t\t\t\t\t\t\t\t<\/li>\n\t\t\t\t\t\t\t\t<li class=\"elementor-icon-list-item\">\n\t\t\t\t\t\t\t\t\t\t<span class=\"elementor-icon-list-text\">Rok<\/span>\n\t\t\t\t\t\t\t\t\t<\/li>\n\t\t\t\t\t\t<\/ul>\n\t\t\t\t\t\t<\/div>\n\t\t\t\t<\/div>\n\t\t<div class=\"elementor-element elementor-element-e588a47 e-con-full e-flex e-con e-child\" data-id=\"e588a47\" data-element_type=\"container\" data-e-type=\"container\">\n\t\t\t\t<div class=\"elementor-element elementor-element-95ed888 elementor-icon-list--layout-traditional elementor-list-item-link-full_width elementor-widget elementor-widget-icon-list\" data-id=\"95ed888\" data-element_type=\"widget\" data-e-type=\"widget\" data-widget_type=\"icon-list.default\">\n\t\t\t\t\t\t\t<ul class=\"elementor-icon-list-items\">\n\t\t\t\t\t\t\t<li class=\"elementor-icon-list-item\">\n\t\t\t\t\t\t\t\t\t\t<span class=\"elementor-icon-list-text\">Infinity Lead<\/span>\n\t\t\t\t\t\t\t\t\t<\/li>\n\t\t\t\t\t\t\t\t<li class=\"elementor-icon-list-item\">\n\t\t\t\t\t\t\t\t\t\t<span class=\"elementor-icon-list-text\">Czechia<\/span>\n\t\t\t\t\t\t\t\t\t<\/li>\n\t\t\t\t\t\t\t\t<li class=\"elementor-icon-list-item\">\n\t\t\t\t\t\t\t\t\t\t<span class=\"elementor-icon-list-text\">2026<\/span>\n\t\t\t\t\t\t\t\t\t<\/li>\n\t\t\t\t\t\t<\/ul>\n\t\t\t\t\t\t<\/div>\n\t\t\t\t<\/div>\n\t\t\t\t<\/div>\n\t\t\t\t<\/div>\n\t\t\t\t<\/div>\n\t\t<div class=\"elementor-element elementor-element-27ac87b e-con-full e-flex e-con e-parent\" data-id=\"27ac87b\" data-element_type=\"container\" data-e-type=\"container\">\n\t\t<div class=\"elementor-element elementor-element-ce70343 e-con-full e-flex e-con e-child\" data-id=\"ce70343\" data-element_type=\"container\" data-e-type=\"container\">\n\t\t\t\t<div class=\"elementor-element elementor-element-39af36a elementor-widget elementor-widget-image\" data-id=\"39af36a\" data-element_type=\"widget\" data-e-type=\"widget\" data-widget_type=\"image.default\">\n\t\t\t\t\t\t\t\t\t\t\t\t\t\t\t<img fetchpriority=\"high\" decoding=\"async\" width=\"2560\" height=\"2560\" src=\"https:\/\/www.kollektiv307.com\/wp-content\/uploads\/2026\/03\/infinitylead4-scaled.jpg\" class=\"attachment-full size-full wp-image-2656\" alt=\"logo design identity prague\" srcset=\"https:\/\/www.kollektiv307.com\/wp-content\/uploads\/2026\/03\/infinitylead4-scaled.jpg 2560w, https:\/\/www.kollektiv307.com\/wp-content\/uploads\/2026\/03\/infinitylead4-300x300.jpg 300w, https:\/\/www.kollektiv307.com\/wp-content\/uploads\/2026\/03\/infinitylead4-1024x1024.jpg 1024w, https:\/\/www.kollektiv307.com\/wp-content\/uploads\/2026\/03\/infinitylead4-150x150.jpg 150w, https:\/\/www.kollektiv307.com\/wp-content\/uploads\/2026\/03\/infinitylead4-768x768.jpg 768w, https:\/\/www.kollektiv307.com\/wp-content\/uploads\/2026\/03\/infinitylead4-1536x1536.jpg 1536w, https:\/\/www.kollektiv307.com\/wp-content\/uploads\/2026\/03\/infinitylead4-2048x2048.jpg 2048w, https:\/\/www.kollektiv307.com\/wp-content\/uploads\/2026\/03\/infinitylead4-12x12.jpg 12w\" sizes=\"(max-width: 2560px) 100vw, 2560px\" \/>\t\t\t\t\t\t\t\t\t\t\t\t\t\t\t<\/div>\n\t\t\t\t<\/div>\n\t\t<div class=\"elementor-element elementor-element-724a3e1 e-con-full e-flex e-con e-child\" data-id=\"724a3e1\" data-element_type=\"container\" data-e-type=\"container\">\n\t\t\t\t<div class=\"elementor-element elementor-element-41dd9d5 elementor-widget elementor-widget-image\" data-id=\"41dd9d5\" data-element_type=\"widget\" data-e-type=\"widget\" data-widget_type=\"image.default\">\n\t\t\t\t\t\t\t\t\t\t\t\t\t\t\t<img decoding=\"async\" width=\"2000\" height=\"2000\" src=\"https:\/\/www.kollektiv307.com\/wp-content\/uploads\/2026\/03\/infinitylead1.jpg\" class=\"attachment-full size-full wp-image-2653\" alt=\"web design prague\" srcset=\"https:\/\/www.kollektiv307.com\/wp-content\/uploads\/2026\/03\/infinitylead1.jpg 2000w, https:\/\/www.kollektiv307.com\/wp-content\/uploads\/2026\/03\/infinitylead1-300x300.jpg 300w, https:\/\/www.kollektiv307.com\/wp-content\/uploads\/2026\/03\/infinitylead1-1024x1024.jpg 1024w, https:\/\/www.kollektiv307.com\/wp-content\/uploads\/2026\/03\/infinitylead1-150x150.jpg 150w, https:\/\/www.kollektiv307.com\/wp-content\/uploads\/2026\/03\/infinitylead1-768x768.jpg 768w, https:\/\/www.kollektiv307.com\/wp-content\/uploads\/2026\/03\/infinitylead1-1536x1536.jpg 1536w, https:\/\/www.kollektiv307.com\/wp-content\/uploads\/2026\/03\/infinitylead1-12x12.jpg 12w\" sizes=\"(max-width: 2000px) 100vw, 2000px\" \/>\t\t\t\t\t\t\t\t\t\t\t\t\t\t\t<\/div>\n\t\t\t\t<\/div>\n\t\t\t\t<\/div>\n\t\t<div class=\"elementor-element elementor-element-e63ee7a e-con-full e-flex e-con e-parent\" data-id=\"e63ee7a\" data-element_type=\"container\" data-e-type=\"container\">\n\t\t<div class=\"elementor-element elementor-element-fb8a71c e-con-full e-flex e-con e-child\" data-id=\"fb8a71c\" data-element_type=\"container\" data-e-type=\"container\">\n\t\t\t\t<div class=\"elementor-element elementor-element-3c30487 elementor-widget elementor-widget-image\" data-id=\"3c30487\" data-element_type=\"widget\" data-e-type=\"widget\" data-widget_type=\"image.default\">\n\t\t\t\t\t\t\t\t\t\t\t\t\t\t\t<img decoding=\"async\" width=\"2000\" height=\"2000\" src=\"https:\/\/www.kollektiv307.com\/wp-content\/uploads\/2026\/03\/infinitylead3.jpg\" class=\"attachment-full size-full wp-image-2655\" alt=\"logo design prague\" srcset=\"https:\/\/www.kollektiv307.com\/wp-content\/uploads\/2026\/03\/infinitylead3.jpg 2000w, https:\/\/www.kollektiv307.com\/wp-content\/uploads\/2026\/03\/infinitylead3-300x300.jpg 300w, https:\/\/www.kollektiv307.com\/wp-content\/uploads\/2026\/03\/infinitylead3-1024x1024.jpg 1024w, https:\/\/www.kollektiv307.com\/wp-content\/uploads\/2026\/03\/infinitylead3-150x150.jpg 150w, https:\/\/www.kollektiv307.com\/wp-content\/uploads\/2026\/03\/infinitylead3-768x768.jpg 768w, https:\/\/www.kollektiv307.com\/wp-content\/uploads\/2026\/03\/infinitylead3-1536x1536.jpg 1536w, https:\/\/www.kollektiv307.com\/wp-content\/uploads\/2026\/03\/infinitylead3-12x12.jpg 12w\" sizes=\"(max-width: 2000px) 100vw, 2000px\" \/>\t\t\t\t\t\t\t\t\t\t\t\t\t\t\t<\/div>\n\t\t\t\t<\/div>\n\t\t<div class=\"elementor-element elementor-element-6d30165 e-con-full e-flex e-con e-child\" data-id=\"6d30165\" data-element_type=\"container\" data-e-type=\"container\">\n\t\t\t\t<div class=\"elementor-element elementor-element-2011650 elementor-widget elementor-widget-image\" data-id=\"2011650\" data-element_type=\"widget\" data-e-type=\"widget\" data-widget_type=\"image.default\">\n\t\t\t\t\t\t\t\t\t\t\t\t\t\t\t<img loading=\"lazy\" decoding=\"async\" width=\"2000\" height=\"2000\" src=\"https:\/\/www.kollektiv307.com\/wp-content\/uploads\/2026\/03\/infinitylead2.jpg\" class=\"attachment-full size-full wp-image-2654\" alt=\"\" srcset=\"https:\/\/www.kollektiv307.com\/wp-content\/uploads\/2026\/03\/infinitylead2.jpg 2000w, https:\/\/www.kollektiv307.com\/wp-content\/uploads\/2026\/03\/infinitylead2-300x300.jpg 300w, https:\/\/www.kollektiv307.com\/wp-content\/uploads\/2026\/03\/infinitylead2-1024x1024.jpg 1024w, https:\/\/www.kollektiv307.com\/wp-content\/uploads\/2026\/03\/infinitylead2-150x150.jpg 150w, https:\/\/www.kollektiv307.com\/wp-content\/uploads\/2026\/03\/infinitylead2-768x768.jpg 768w, https:\/\/www.kollektiv307.com\/wp-content\/uploads\/2026\/03\/infinitylead2-1536x1536.jpg 1536w, https:\/\/www.kollektiv307.com\/wp-content\/uploads\/2026\/03\/infinitylead2-12x12.jpg 12w\" sizes=\"(max-width: 2000px) 100vw, 2000px\" \/>\t\t\t\t\t\t\t\t\t\t\t\t\t\t\t<\/div>\n\t\t\t\t<\/div>\n\t\t\t\t<\/div>\n\t\t\t\t<\/div>","protected":false},"excerpt":{"rendered":"<p>InfinityLead is a platform designed to streamline lead generation and outreach, helping businesses connect with the right people more efficiently. As a growing product in a competitive space, it needed a clear, confident identity that would communicate trust, performance, and simplicity. The direction is built around a palette of bold blues and smooth gradients, expressing [&hellip;]<\/p>\n","protected":false},"author":1,"featured_media":2656,"parent":513,"menu_order":0,"comment_status":"closed","ping_status":"closed","template":"","meta":{"_acf_changed":false,"footnotes":""},"filter":[11,12],"class_list":["post-2652","page","type-page","status-publish","has-post-thumbnail","hentry","filter-brand-identity","filter-web-digital"],"acf":[],"yoast_head":"<!-- This site is optimized with the Yoast SEO plugin v27.4 - https:\/\/yoast.com\/product\/yoast-seo-wordpress\/ -->\n<title>Infinity Lead - Kollektiv307 - Branding &amp; Graphic Design Studio Prague<\/title>\n<meta name=\"description\" content=\"Branding and website design for InfinityLead, a lead generation platform, including logo, social media assets, and digital visuals.\" \/>\n<meta name=\"robots\" content=\"index, follow, max-snippet:-1, max-image-preview:large, max-video-preview:-1\" \/>\n<link rel=\"canonical\" href=\"https:\/\/www.kollektiv307.com\/cs\/projects\/infinity-lead\/\" \/>\n<meta property=\"og:locale\" content=\"cs_CZ\" \/>\n<meta property=\"og:type\" content=\"article\" \/>\n<meta property=\"og:title\" content=\"Infinity Lead - Kollektiv307 - Branding &amp; Graphic Design Studio Prague\" \/>\n<meta property=\"og:description\" content=\"Branding and website design for InfinityLead, a lead generation platform, including logo, social media assets, and digital visuals.\" \/>\n<meta property=\"og:url\" content=\"https:\/\/www.kollektiv307.com\/cs\/projects\/infinity-lead\/\" \/>\n<meta property=\"og:site_name\" content=\"Kollektiv307 - Branding &amp; Graphic Design Studio Prague\" \/>\n<meta property=\"article:modified_time\" content=\"2026-04-02T09:12:24+00:00\" \/>\n<meta property=\"og:image\" content=\"https:\/\/www.kollektiv307.com\/wp-content\/uploads\/2026\/03\/infinitylead4-scaled.jpg\" \/>\n\t<meta property=\"og:image:width\" content=\"2560\" \/>\n\t<meta property=\"og:image:height\" content=\"2560\" \/>\n\t<meta property=\"og:image:type\" content=\"image\/jpeg\" \/>\n<meta name=\"twitter:card\" content=\"summary_large_image\" \/>\n<meta name=\"twitter:label1\" content=\"Odhadovan\u00e1 doba \u010dten\u00ed\" \/>\n\t<meta name=\"twitter:data1\" content=\"1 minuta\" \/>\n<script type=\"application\/ld+json\" class=\"yoast-schema-graph\">{\"@context\":\"https:\\\/\\\/schema.org\",\"@graph\":[{\"@type\":\"WebPage\",\"@id\":\"https:\\\/\\\/www.kollektiv307.com\\\/projects\\\/infinity-lead\",\"url\":\"https:\\\/\\\/www.kollektiv307.com\\\/projects\\\/infinity-lead\",\"name\":\"Infinity Lead - Kollektiv307 - Branding &amp; Graphic Design Studio Prague\",\"isPartOf\":{\"@id\":\"https:\\\/\\\/www.kollektiv307.com\\\/#website\"},\"primaryImageOfPage\":{\"@id\":\"https:\\\/\\\/www.kollektiv307.com\\\/projects\\\/infinity-lead#primaryimage\"},\"image\":{\"@id\":\"https:\\\/\\\/www.kollektiv307.com\\\/projects\\\/infinity-lead#primaryimage\"},\"thumbnailUrl\":\"https:\\\/\\\/www.kollektiv307.com\\\/wp-content\\\/uploads\\\/2026\\\/03\\\/infinitylead4-scaled.jpg\",\"datePublished\":\"2026-03-29T17:03:06+00:00\",\"dateModified\":\"2026-04-02T09:12:24+00:00\",\"description\":\"Branding and website design for InfinityLead, a lead generation platform, including logo, social media assets, and digital visuals.\",\"breadcrumb\":{\"@id\":\"https:\\\/\\\/www.kollektiv307.com\\\/projects\\\/infinity-lead#breadcrumb\"},\"inLanguage\":\"cs\",\"potentialAction\":[{\"@type\":\"ReadAction\",\"target\":[\"https:\\\/\\\/www.kollektiv307.com\\\/projects\\\/infinity-lead\"]}]},{\"@type\":\"ImageObject\",\"inLanguage\":\"cs\",\"@id\":\"https:\\\/\\\/www.kollektiv307.com\\\/projects\\\/infinity-lead#primaryimage\",\"url\":\"https:\\\/\\\/www.kollektiv307.com\\\/wp-content\\\/uploads\\\/2026\\\/03\\\/infinitylead4-scaled.jpg\",\"contentUrl\":\"https:\\\/\\\/www.kollektiv307.com\\\/wp-content\\\/uploads\\\/2026\\\/03\\\/infinitylead4-scaled.jpg\",\"width\":2560,\"height\":2560,\"caption\":\"logo design identity prague\"},{\"@type\":\"BreadcrumbList\",\"@id\":\"https:\\\/\\\/www.kollektiv307.com\\\/projects\\\/infinity-lead#breadcrumb\",\"itemListElement\":[{\"@type\":\"ListItem\",\"position\":1,\"name\":\"Home\",\"item\":\"https:\\\/\\\/www.kollektiv307.com\\\/\"},{\"@type\":\"ListItem\",\"position\":2,\"name\":\"Work\",\"item\":\"https:\\\/\\\/www.kollektiv307.com\\\/projects\"},{\"@type\":\"ListItem\",\"position\":3,\"name\":\"Infinity Lead\"}]},{\"@type\":\"WebSite\",\"@id\":\"https:\\\/\\\/www.kollektiv307.com\\\/#website\",\"url\":\"https:\\\/\\\/www.kollektiv307.com\\\/\",\"name\":\"Kollektiv307\",\"description\":\"Creating lasting brands with intention\",\"publisher\":{\"@id\":\"https:\\\/\\\/www.kollektiv307.com\\\/#organization\"},\"alternateName\":\"Kollektiv307\",\"potentialAction\":[{\"@type\":\"SearchAction\",\"target\":{\"@type\":\"EntryPoint\",\"urlTemplate\":\"https:\\\/\\\/www.kollektiv307.com\\\/?s={search_term_string}\"},\"query-input\":{\"@type\":\"PropertyValueSpecification\",\"valueRequired\":true,\"valueName\":\"search_term_string\"}}],\"inLanguage\":\"cs\"},{\"@type\":\"Organization\",\"@id\":\"https:\\\/\\\/www.kollektiv307.com\\\/#organization\",\"name\":\"Kollektiv307\",\"alternateName\":\"Kollektiv307\",\"url\":\"https:\\\/\\\/www.kollektiv307.com\\\/\",\"logo\":{\"@type\":\"ImageObject\",\"inLanguage\":\"cs\",\"@id\":\"https:\\\/\\\/www.kollektiv307.com\\\/#\\\/schema\\\/logo\\\/image\\\/\",\"url\":\"https:\\\/\\\/www.kollektiv307.com\\\/wp-content\\\/uploads\\\/2025\\\/07\\\/logo-linkedin2.jpg\",\"contentUrl\":\"https:\\\/\\\/www.kollektiv307.com\\\/wp-content\\\/uploads\\\/2025\\\/07\\\/logo-linkedin2.jpg\",\"width\":567,\"height\":567,\"caption\":\"Kollektiv307\"},\"image\":{\"@id\":\"https:\\\/\\\/www.kollektiv307.com\\\/#\\\/schema\\\/logo\\\/image\\\/\"}}]}<\/script>\n<!-- \/ Yoast SEO plugin. -->","yoast_head_json":{"title":"Infinity Lead - Kollektiv307 - Branding &amp; Graphic Design Studio Prague","description":"Branding and website design for InfinityLead, a lead generation platform, including logo, social media assets, and digital visuals.","robots":{"index":"index","follow":"follow","max-snippet":"max-snippet:-1","max-image-preview":"max-image-preview:large","max-video-preview":"max-video-preview:-1"},"canonical":"https:\/\/www.kollektiv307.com\/cs\/projects\/infinity-lead\/","og_locale":"cs_CZ","og_type":"article","og_title":"Infinity Lead - Kollektiv307 - Branding &amp; Graphic Design Studio Prague","og_description":"Branding and website design for InfinityLead, a lead generation platform, including logo, social media assets, and digital visuals.","og_url":"https:\/\/www.kollektiv307.com\/cs\/projects\/infinity-lead\/","og_site_name":"Kollektiv307 - Branding &amp; Graphic Design Studio Prague","article_modified_time":"2026-04-02T09:12:24+00:00","og_image":[{"width":2560,"height":2560,"url":"https:\/\/www.kollektiv307.com\/wp-content\/uploads\/2026\/03\/infinitylead4-scaled.jpg","type":"image\/jpeg"}],"twitter_card":"summary_large_image","twitter_misc":{"Odhadovan\u00e1 doba \u010dten\u00ed":"1 minuta"},"schema":{"@context":"https:\/\/schema.org","@graph":[{"@type":"WebPage","@id":"https:\/\/www.kollektiv307.com\/projects\/infinity-lead","url":"https:\/\/www.kollektiv307.com\/projects\/infinity-lead","name":"Infinity Lead - Kollektiv307 - Branding &amp; Graphic Design Studio Prague","isPartOf":{"@id":"https:\/\/www.kollektiv307.com\/#website"},"primaryImageOfPage":{"@id":"https:\/\/www.kollektiv307.com\/projects\/infinity-lead#primaryimage"},"image":{"@id":"https:\/\/www.kollektiv307.com\/projects\/infinity-lead#primaryimage"},"thumbnailUrl":"https:\/\/www.kollektiv307.com\/wp-content\/uploads\/2026\/03\/infinitylead4-scaled.jpg","datePublished":"2026-03-29T17:03:06+00:00","dateModified":"2026-04-02T09:12:24+00:00","description":"Branding and website design for InfinityLead, a lead generation platform, including logo, social media assets, and digital visuals.","breadcrumb":{"@id":"https:\/\/www.kollektiv307.com\/projects\/infinity-lead#breadcrumb"},"inLanguage":"cs","potentialAction":[{"@type":"ReadAction","target":["https:\/\/www.kollektiv307.com\/projects\/infinity-lead"]}]},{"@type":"ImageObject","inLanguage":"cs","@id":"https:\/\/www.kollektiv307.com\/projects\/infinity-lead#primaryimage","url":"https:\/\/www.kollektiv307.com\/wp-content\/uploads\/2026\/03\/infinitylead4-scaled.jpg","contentUrl":"https:\/\/www.kollektiv307.com\/wp-content\/uploads\/2026\/03\/infinitylead4-scaled.jpg","width":2560,"height":2560,"caption":"logo design identity prague"},{"@type":"BreadcrumbList","@id":"https:\/\/www.kollektiv307.com\/projects\/infinity-lead#breadcrumb","itemListElement":[{"@type":"ListItem","position":1,"name":"Home","item":"https:\/\/www.kollektiv307.com\/"},{"@type":"ListItem","position":2,"name":"Work","item":"https:\/\/www.kollektiv307.com\/projects"},{"@type":"ListItem","position":3,"name":"Infinity Lead"}]},{"@type":"WebSite","@id":"https:\/\/www.kollektiv307.com\/#website","url":"https:\/\/www.kollektiv307.com\/","name":"Kollektiv307","description":"Creating lasting brands with intention","publisher":{"@id":"https:\/\/www.kollektiv307.com\/#organization"},"alternateName":"Kollektiv307","potentialAction":[{"@type":"SearchAction","target":{"@type":"EntryPoint","urlTemplate":"https:\/\/www.kollektiv307.com\/?s={search_term_string}"},"query-input":{"@type":"PropertyValueSpecification","valueRequired":true,"valueName":"search_term_string"}}],"inLanguage":"cs"},{"@type":"Organization","@id":"https:\/\/www.kollektiv307.com\/#organization","name":"Kollektiv307","alternateName":"Kollektiv307","url":"https:\/\/www.kollektiv307.com\/","logo":{"@type":"ImageObject","inLanguage":"cs","@id":"https:\/\/www.kollektiv307.com\/#\/schema\/logo\/image\/","url":"https:\/\/www.kollektiv307.com\/wp-content\/uploads\/2025\/07\/logo-linkedin2.jpg","contentUrl":"https:\/\/www.kollektiv307.com\/wp-content\/uploads\/2025\/07\/logo-linkedin2.jpg","width":567,"height":567,"caption":"Kollektiv307"},"image":{"@id":"https:\/\/www.kollektiv307.com\/#\/schema\/logo\/image\/"}}]}},"_links":{"self":[{"href":"https:\/\/www.kollektiv307.com\/cs\/wp-json\/wp\/v2\/pages\/2652","targetHints":{"allow":["GET"]}}],"collection":[{"href":"https:\/\/www.kollektiv307.com\/cs\/wp-json\/wp\/v2\/pages"}],"about":[{"href":"https:\/\/www.kollektiv307.com\/cs\/wp-json\/wp\/v2\/types\/page"}],"author":[{"embeddable":true,"href":"https:\/\/www.kollektiv307.com\/cs\/wp-json\/wp\/v2\/users\/1"}],"replies":[{"embeddable":true,"href":"https:\/\/www.kollektiv307.com\/cs\/wp-json\/wp\/v2\/comments?post=2652"}],"version-history":[{"count":16,"href":"https:\/\/www.kollektiv307.com\/cs\/wp-json\/wp\/v2\/pages\/2652\/revisions"}],"predecessor-version":[{"id":2739,"href":"https:\/\/www.kollektiv307.com\/cs\/wp-json\/wp\/v2\/pages\/2652\/revisions\/2739"}],"up":[{"embeddable":true,"href":"https:\/\/www.kollektiv307.com\/cs\/wp-json\/wp\/v2\/pages\/513"}],"wp:featuredmedia":[{"embeddable":true,"href":"https:\/\/www.kollektiv307.com\/cs\/wp-json\/wp\/v2\/media\/2656"}],"wp:attachment":[{"href":"https:\/\/www.kollektiv307.com\/cs\/wp-json\/wp\/v2\/media?parent=2652"}],"wp:term":[{"taxonomy":"filter","embeddable":true,"href":"https:\/\/www.kollektiv307.com\/cs\/wp-json\/wp\/v2\/filter?post=2652"}],"curies":[{"name":"wp","href":"https:\/\/api.w.org\/{rel}","templated":true}]}}