{"id":549,"date":"2025-07-26T10:05:20","date_gmt":"2025-07-26T10:05:20","guid":{"rendered":"https:\/\/www.kollektiv307.com\/?page_id=549"},"modified":"2026-04-02T09:36:41","modified_gmt":"2026-04-02T09:36:41","slug":"flower-magic","status":"publish","type":"page","link":"http:\/\/www.kollektiv307.com\/cs\/projects\/flower-magic","title":{"rendered":"Flower Magic"},"content":{"rendered":"<div data-elementor-type=\"wp-page\" data-elementor-id=\"549\" class=\"elementor elementor-549\" data-elementor-post-type=\"page\">\n\t\t\t\t<div class=\"elementor-element elementor-element-fb4b1ff e-con-full e-flex e-con e-parent\" data-id=\"fb4b1ff\" data-element_type=\"container\" data-e-type=\"container\">\n\t\t<div class=\"elementor-element elementor-element-0bef630 e-con-full e-flex e-con e-child\" data-id=\"0bef630\" data-element_type=\"container\" data-e-type=\"container\">\n\t\t\t\t<div class=\"elementor-element elementor-element-db027a1 elementor-widget elementor-widget-text-editor\" data-id=\"db027a1\" data-element_type=\"widget\" data-e-type=\"widget\" data-widget_type=\"text-editor.default\">\n\t\t\t\t\t\t\t\t\t<p data-start=\"250\" data-end=\"454\">Flower Magic je kv\u011btinov\u00e9 studio, kter\u00e9 stav\u00ed na radosti, hravosti a v\u00fdrazn\u00e9 estetice. V\u011bnuje se tvorb\u011b bohat\u00fdch, emotivn\u00edch aran\u017em\u00e1 pln\u00fdch barev a \u017eivota. Na\u0161\u00edm c\u00edlem bylo navrhnout identitu, kter\u00e1 vystihne atmosf\u00e9ru darov\u00e1n\u00ed kv\u011btin i samotn\u00fd pro\u017eitek z nich.<\/p><p data-start=\"456\" data-end=\"677\">Vytvo\u0159ili jsme vizu\u00e1ln\u00ed jazyk zalo\u017een\u00fd na lehkosti, velkorysosti a barevnosti. Logo pracuje s m\u011bkk\u00fdmi tvary a plynul\u00fdmi k\u0159ivkami, kter\u00e9 odkazuj\u00ed na p\u0159irozen\u00fd r\u016fst a rozkv\u00e9t\u00e1n\u00ed.<\/p><p data-start=\"679\" data-end=\"944\">Barevnost je \u017eiv\u00e1 a sebev\u011bdom\u00e1, navr\u017een\u00e1 tak, aby podtrhla charakter studia a p\u0159enesla pocit radosti do ka\u017ed\u00e9ho kontaktu se zna\u010dkou.\u00a0<\/p>\t\t\t\t\t\t\t\t<\/div>\n\t\t\t\t<\/div>\n\t\t<div class=\"elementor-element elementor-element-489c491 e-con-full e-flex e-con e-child\" data-id=\"489c491\" data-element_type=\"container\" data-e-type=\"container\">\n\t\t\t\t<div class=\"elementor-element elementor-element-77bfc2d elementor-widget__width-inherit elementor-widget elementor-widget-button\" data-id=\"77bfc2d\" data-element_type=\"widget\" data-e-type=\"widget\" data-widget_type=\"button.default\">\n\t\t\t\t\t\t\t\t\t\t<a class=\"elementor-button elementor-size-sm\" role=\"button\">\n\t\t\t\t\t\t<span class=\"elementor-button-content-wrapper\">\n\t\t\t\t\t\t\t\t\t<span class=\"elementor-button-text\">Vizu\u00e1ln\u00ed Identita<\/span>\n\t\t\t\t\t<\/span>\n\t\t\t\t\t<\/a>\n\t\t\t\t\t\t\t\t<\/div>\n\t\t\t\t<div class=\"elementor-element elementor-element-0480a30 elementor-widget__width-inherit elementor-widget-mobile__width-inherit elementor-widget elementor-widget-heading\" data-id=\"0480a30\" data-element_type=\"widget\" data-e-type=\"widget\" data-widget_type=\"heading.default\">\n\t\t\t\t\t<h2 class=\"elementor-heading-title elementor-size-default\">Flower Magic<\/h2>\t\t\t\t<\/div>\n\t\t<div class=\"elementor-element elementor-element-2cb3d20 e-con-full e-flex e-con e-child\" data-id=\"2cb3d20\" data-element_type=\"container\" data-e-type=\"container\">\n\t\t<div class=\"elementor-element elementor-element-fdd1a09 e-con-full e-flex e-con e-child\" data-id=\"fdd1a09\" data-element_type=\"container\" data-e-type=\"container\">\n\t\t\t\t<div class=\"elementor-element elementor-element-b3f0ec4 elementor-icon-list--layout-traditional elementor-list-item-link-full_width elementor-widget elementor-widget-icon-list\" data-id=\"b3f0ec4\" data-element_type=\"widget\" data-e-type=\"widget\" data-widget_type=\"icon-list.default\">\n\t\t\t\t\t\t\t<ul class=\"elementor-icon-list-items\">\n\t\t\t\t\t\t\t<li class=\"elementor-icon-list-item\">\n\t\t\t\t\t\t\t\t\t\t<span class=\"elementor-icon-list-text\">Klient<\/span>\n\t\t\t\t\t\t\t\t\t<\/li>\n\t\t\t\t\t\t\t\t<li class=\"elementor-icon-list-item\">\n\t\t\t\t\t\t\t\t\t\t<span class=\"elementor-icon-list-text\">Lokace<\/span>\n\t\t\t\t\t\t\t\t\t<\/li>\n\t\t\t\t\t\t\t\t<li class=\"elementor-icon-list-item\">\n\t\t\t\t\t\t\t\t\t\t<span class=\"elementor-icon-list-text\">Rok<\/span>\n\t\t\t\t\t\t\t\t\t<\/li>\n\t\t\t\t\t\t<\/ul>\n\t\t\t\t\t\t<\/div>\n\t\t\t\t<\/div>\n\t\t<div class=\"elementor-element elementor-element-8035299 e-con-full e-flex e-con e-child\" data-id=\"8035299\" data-element_type=\"container\" data-e-type=\"container\">\n\t\t\t\t<div class=\"elementor-element elementor-element-4b9f1b0 elementor-icon-list--layout-traditional elementor-list-item-link-full_width elementor-widget elementor-widget-icon-list\" data-id=\"4b9f1b0\" data-element_type=\"widget\" data-e-type=\"widget\" data-widget_type=\"icon-list.default\">\n\t\t\t\t\t\t\t<ul class=\"elementor-icon-list-items\">\n\t\t\t\t\t\t\t<li class=\"elementor-icon-list-item\">\n\t\t\t\t\t\t\t\t\t\t<span class=\"elementor-icon-list-text\">Flower Magic<\/span>\n\t\t\t\t\t\t\t\t\t<\/li>\n\t\t\t\t\t\t\t\t<li class=\"elementor-icon-list-item\">\n\t\t\t\t\t\t\t\t\t\t<span class=\"elementor-icon-list-text\">Bulgaria<\/span>\n\t\t\t\t\t\t\t\t\t<\/li>\n\t\t\t\t\t\t\t\t<li class=\"elementor-icon-list-item\">\n\t\t\t\t\t\t\t\t\t\t<span class=\"elementor-icon-list-text\">2025<\/span>\n\t\t\t\t\t\t\t\t\t<\/li>\n\t\t\t\t\t\t<\/ul>\n\t\t\t\t\t\t<\/div>\n\t\t\t\t<\/div>\n\t\t\t\t<\/div>\n\t\t\t\t<\/div>\n\t\t\t\t<\/div>\n\t\t<div class=\"elementor-element elementor-element-63d0739 e-con-full e-flex e-con e-parent\" data-id=\"63d0739\" data-element_type=\"container\" data-e-type=\"container\">\n\t\t<div class=\"elementor-element elementor-element-ca40479 e-con-full e-flex e-con e-child\" data-id=\"ca40479\" data-element_type=\"container\" data-e-type=\"container\">\n\t\t\t\t<div class=\"elementor-element elementor-element-8e0f184 elementor-widget elementor-widget-image\" data-id=\"8e0f184\" data-element_type=\"widget\" data-e-type=\"widget\" data-widget_type=\"image.default\">\n\t\t\t\t\t\t\t\t\t\t\t\t\t\t\t<img fetchpriority=\"high\" decoding=\"async\" width=\"1162\" height=\"1144\" src=\"https:\/\/www.kollektiv307.com\/wp-content\/uploads\/2025\/07\/flowermagic2-e1753732473209.jpg\" class=\"attachment-full size-full wp-image-596\" alt=\"\" srcset=\"https:\/\/www.kollektiv307.com\/wp-content\/uploads\/2025\/07\/flowermagic2-e1753732473209.jpg 1162w, https:\/\/www.kollektiv307.com\/wp-content\/uploads\/2025\/07\/flowermagic2-e1753732473209-300x295.jpg 300w, https:\/\/www.kollektiv307.com\/wp-content\/uploads\/2025\/07\/flowermagic2-e1753732473209-1024x1008.jpg 1024w, https:\/\/www.kollektiv307.com\/wp-content\/uploads\/2025\/07\/flowermagic2-e1753732473209-768x756.jpg 768w\" sizes=\"(max-width: 1162px) 100vw, 1162px\" \/>\t\t\t\t\t\t\t\t\t\t\t\t\t\t\t<\/div>\n\t\t\t\t<\/div>\n\t\t<div class=\"elementor-element elementor-element-538e77f e-con-full e-flex e-con e-child\" data-id=\"538e77f\" data-element_type=\"container\" data-e-type=\"container\">\n\t\t\t\t<div class=\"elementor-element elementor-element-f6b3947 elementor-widget elementor-widget-image\" data-id=\"f6b3947\" data-element_type=\"widget\" data-e-type=\"widget\" data-widget_type=\"image.default\">\n\t\t\t\t\t\t\t\t\t\t\t\t\t\t\t<img decoding=\"async\" width=\"1948\" height=\"1915\" src=\"https:\/\/www.kollektiv307.com\/wp-content\/uploads\/2025\/07\/flowermagic11.jpg\" class=\"attachment-full size-full wp-image-609\" alt=\"branding graphic studio Prague\" srcset=\"https:\/\/www.kollektiv307.com\/wp-content\/uploads\/2025\/07\/flowermagic11.jpg 1948w, https:\/\/www.kollektiv307.com\/wp-content\/uploads\/2025\/07\/flowermagic11-300x295.jpg 300w, https:\/\/www.kollektiv307.com\/wp-content\/uploads\/2025\/07\/flowermagic11-1024x1007.jpg 1024w, https:\/\/www.kollektiv307.com\/wp-content\/uploads\/2025\/07\/flowermagic11-768x755.jpg 768w, https:\/\/www.kollektiv307.com\/wp-content\/uploads\/2025\/07\/flowermagic11-1536x1510.jpg 1536w\" sizes=\"(max-width: 1948px) 100vw, 1948px\" \/>\t\t\t\t\t\t\t\t\t\t\t\t\t\t\t<\/div>\n\t\t\t\t<\/div>\n\t\t\t\t<\/div>\n\t\t<div class=\"elementor-element elementor-element-27ac87b e-con-full e-flex e-con e-parent\" data-id=\"27ac87b\" data-element_type=\"container\" data-e-type=\"container\">\n\t\t<div class=\"elementor-element elementor-element-ce70343 e-con-full e-flex e-con e-child\" data-id=\"ce70343\" data-element_type=\"container\" data-e-type=\"container\">\n\t\t\t\t<div class=\"elementor-element elementor-element-b02bd6b elementor-widget elementor-widget-image\" data-id=\"b02bd6b\" data-element_type=\"widget\" data-e-type=\"widget\" data-widget_type=\"image.default\">\n\t\t\t\t\t\t\t\t\t\t\t\t\t\t\t<img decoding=\"async\" width=\"1200\" height=\"1200\" src=\"https:\/\/www.kollektiv307.com\/wp-content\/uploads\/2025\/07\/flowermagic4.jpg\" class=\"attachment-full size-full wp-image-608\" alt=\"\" srcset=\"https:\/\/www.kollektiv307.com\/wp-content\/uploads\/2025\/07\/flowermagic4.jpg 1200w, https:\/\/www.kollektiv307.com\/wp-content\/uploads\/2025\/07\/flowermagic4-300x300.jpg 300w, https:\/\/www.kollektiv307.com\/wp-content\/uploads\/2025\/07\/flowermagic4-1024x1024.jpg 1024w, https:\/\/www.kollektiv307.com\/wp-content\/uploads\/2025\/07\/flowermagic4-150x150.jpg 150w, https:\/\/www.kollektiv307.com\/wp-content\/uploads\/2025\/07\/flowermagic4-768x768.jpg 768w\" sizes=\"(max-width: 1200px) 100vw, 1200px\" \/>\t\t\t\t\t\t\t\t\t\t\t\t\t\t\t<\/div>\n\t\t\t\t<\/div>\n\t\t<div class=\"elementor-element elementor-element-724a3e1 e-con-full e-flex e-con e-child\" data-id=\"724a3e1\" data-element_type=\"container\" data-e-type=\"container\">\n\t\t\t\t<div class=\"elementor-element elementor-element-29d8ddd elementor-widget elementor-widget-image\" data-id=\"29d8ddd\" data-element_type=\"widget\" data-e-type=\"widget\" data-widget_type=\"image.default\">\n\t\t\t\t\t\t\t\t\t\t\t\t\t\t\t<img loading=\"lazy\" decoding=\"async\" width=\"1200\" height=\"1200\" src=\"https:\/\/www.kollektiv307.com\/wp-content\/uploads\/2025\/07\/flowermagic3.jpg\" class=\"attachment-full size-full wp-image-607\" alt=\"\" srcset=\"https:\/\/www.kollektiv307.com\/wp-content\/uploads\/2025\/07\/flowermagic3.jpg 1200w, https:\/\/www.kollektiv307.com\/wp-content\/uploads\/2025\/07\/flowermagic3-300x300.jpg 300w, https:\/\/www.kollektiv307.com\/wp-content\/uploads\/2025\/07\/flowermagic3-1024x1024.jpg 1024w, https:\/\/www.kollektiv307.com\/wp-content\/uploads\/2025\/07\/flowermagic3-150x150.jpg 150w, https:\/\/www.kollektiv307.com\/wp-content\/uploads\/2025\/07\/flowermagic3-768x768.jpg 768w\" sizes=\"(max-width: 1200px) 100vw, 1200px\" \/>\t\t\t\t\t\t\t\t\t\t\t\t\t\t\t<\/div>\n\t\t\t\t<\/div>\n\t\t\t\t<\/div>\n\t\t\t\t<\/div>","protected":false},"excerpt":{"rendered":"<p>Flower Magic is a floral studio that celebrates joyful beauty &#8211; expressive, lush, and full of warmth. Our task was to create a brand identity that reflects the emotion behind giving and receiving flowers. We developed a vibrant visual language rooted in generosity, playfulness, and color. The custom logotype combines softness and energy, with rounded [&hellip;]<\/p>\n","protected":false},"author":1,"featured_media":0,"parent":513,"menu_order":0,"comment_status":"closed","ping_status":"closed","template":"elementor_header_footer","meta":{"_acf_changed":false,"footnotes":""},"filter":[11],"class_list":["post-549","page","type-page","status-publish","hentry","filter-brand-identity"],"acf":[],"yoast_head":"<!-- This site is optimized with the Yoast SEO plugin v27.4 - https:\/\/yoast.com\/product\/yoast-seo-wordpress\/ -->\n<title>Flower Magic - Kollektiv307 - Branding &amp; Graphic Design Studio Prague<\/title>\n<meta name=\"description\" content=\"Flower Magic is a floral studio that celebrates joyful beauty \u2014 expressive, lush, and full of warmth.\" \/>\n<meta name=\"robots\" content=\"index, follow, max-snippet:-1, max-image-preview:large, max-video-preview:-1\" \/>\n<link rel=\"canonical\" href=\"https:\/\/www.kollektiv307.com\/cs\/projects\/flower-magic\/\" \/>\n<meta property=\"og:locale\" content=\"cs_CZ\" \/>\n<meta property=\"og:type\" content=\"article\" \/>\n<meta property=\"og:title\" content=\"Flower Magic - Kollektiv307 - Branding &amp; Graphic Design Studio Prague\" \/>\n<meta property=\"og:description\" content=\"Flower Magic is a floral studio that celebrates joyful beauty \u2014 expressive, lush, and full of warmth.\" \/>\n<meta property=\"og:url\" content=\"https:\/\/www.kollektiv307.com\/cs\/projects\/flower-magic\/\" \/>\n<meta property=\"og:site_name\" content=\"Kollektiv307 - Branding &amp; Graphic Design Studio Prague\" \/>\n<meta property=\"article:modified_time\" content=\"2026-04-02T09:36:41+00:00\" \/>\n<meta property=\"og:image\" content=\"https:\/\/www.kollektiv307.com\/wp-content\/uploads\/2025\/07\/flowermagic2-e1753732473209.jpg\" \/>\n\t<meta property=\"og:image:width\" content=\"1162\" \/>\n\t<meta property=\"og:image:height\" content=\"1144\" \/>\n\t<meta property=\"og:image:type\" content=\"image\/jpeg\" \/>\n<meta name=\"twitter:card\" content=\"summary_large_image\" \/>\n<meta name=\"twitter:label1\" content=\"Odhadovan\u00e1 doba \u010dten\u00ed\" \/>\n\t<meta name=\"twitter:data1\" content=\"1 minuta\" \/>\n<script type=\"application\/ld+json\" class=\"yoast-schema-graph\">{\"@context\":\"https:\\\/\\\/schema.org\",\"@graph\":[{\"@type\":\"WebPage\",\"@id\":\"https:\\\/\\\/www.kollektiv307.com\\\/projects\\\/flower-magic\",\"url\":\"https:\\\/\\\/www.kollektiv307.com\\\/projects\\\/flower-magic\",\"name\":\"Flower Magic - Kollektiv307 - Branding &amp; Graphic Design Studio Prague\",\"isPartOf\":{\"@id\":\"https:\\\/\\\/www.kollektiv307.com\\\/#website\"},\"primaryImageOfPage\":{\"@id\":\"https:\\\/\\\/www.kollektiv307.com\\\/projects\\\/flower-magic#primaryimage\"},\"image\":{\"@id\":\"https:\\\/\\\/www.kollektiv307.com\\\/projects\\\/flower-magic#primaryimage\"},\"thumbnailUrl\":\"https:\\\/\\\/www.kollektiv307.com\\\/wp-content\\\/uploads\\\/2025\\\/07\\\/flowermagic2-e1753732473209.jpg\",\"datePublished\":\"2025-07-26T10:05:20+00:00\",\"dateModified\":\"2026-04-02T09:36:41+00:00\",\"description\":\"Flower Magic is a floral studio that celebrates joyful beauty \u2014 expressive, lush, and full of warmth.\",\"breadcrumb\":{\"@id\":\"https:\\\/\\\/www.kollektiv307.com\\\/projects\\\/flower-magic#breadcrumb\"},\"inLanguage\":\"cs\",\"potentialAction\":[{\"@type\":\"ReadAction\",\"target\":[\"https:\\\/\\\/www.kollektiv307.com\\\/projects\\\/flower-magic\"]}]},{\"@type\":\"ImageObject\",\"inLanguage\":\"cs\",\"@id\":\"https:\\\/\\\/www.kollektiv307.com\\\/projects\\\/flower-magic#primaryimage\",\"url\":\"https:\\\/\\\/www.kollektiv307.com\\\/wp-content\\\/uploads\\\/2025\\\/07\\\/flowermagic2-e1753732473209.jpg\",\"contentUrl\":\"https:\\\/\\\/www.kollektiv307.com\\\/wp-content\\\/uploads\\\/2025\\\/07\\\/flowermagic2-e1753732473209.jpg\"},{\"@type\":\"BreadcrumbList\",\"@id\":\"https:\\\/\\\/www.kollektiv307.com\\\/projects\\\/flower-magic#breadcrumb\",\"itemListElement\":[{\"@type\":\"ListItem\",\"position\":1,\"name\":\"Home\",\"item\":\"https:\\\/\\\/www.kollektiv307.com\\\/\"},{\"@type\":\"ListItem\",\"position\":2,\"name\":\"Work\",\"item\":\"https:\\\/\\\/www.kollektiv307.com\\\/projects\"},{\"@type\":\"ListItem\",\"position\":3,\"name\":\"Flower Magic\"}]},{\"@type\":\"WebSite\",\"@id\":\"https:\\\/\\\/www.kollektiv307.com\\\/#website\",\"url\":\"https:\\\/\\\/www.kollektiv307.com\\\/\",\"name\":\"Kollektiv307\",\"description\":\"Creating lasting brands with intention\",\"publisher\":{\"@id\":\"https:\\\/\\\/www.kollektiv307.com\\\/#organization\"},\"alternateName\":\"Kollektiv307\",\"potentialAction\":[{\"@type\":\"SearchAction\",\"target\":{\"@type\":\"EntryPoint\",\"urlTemplate\":\"https:\\\/\\\/www.kollektiv307.com\\\/?s={search_term_string}\"},\"query-input\":{\"@type\":\"PropertyValueSpecification\",\"valueRequired\":true,\"valueName\":\"search_term_string\"}}],\"inLanguage\":\"cs\"},{\"@type\":\"Organization\",\"@id\":\"https:\\\/\\\/www.kollektiv307.com\\\/#organization\",\"name\":\"Kollektiv307\",\"alternateName\":\"Kollektiv307\",\"url\":\"https:\\\/\\\/www.kollektiv307.com\\\/\",\"logo\":{\"@type\":\"ImageObject\",\"inLanguage\":\"cs\",\"@id\":\"https:\\\/\\\/www.kollektiv307.com\\\/#\\\/schema\\\/logo\\\/image\\\/\",\"url\":\"https:\\\/\\\/www.kollektiv307.com\\\/wp-content\\\/uploads\\\/2025\\\/07\\\/logo-linkedin2.jpg\",\"contentUrl\":\"https:\\\/\\\/www.kollektiv307.com\\\/wp-content\\\/uploads\\\/2025\\\/07\\\/logo-linkedin2.jpg\",\"width\":567,\"height\":567,\"caption\":\"Kollektiv307\"},\"image\":{\"@id\":\"https:\\\/\\\/www.kollektiv307.com\\\/#\\\/schema\\\/logo\\\/image\\\/\"}}]}<\/script>\n<!-- \/ Yoast SEO plugin. -->","yoast_head_json":{"title":"Flower Magic - Kollektiv307 - Branding &amp; Graphic Design Studio Prague","description":"Flower Magic is a floral studio that celebrates joyful beauty \u2014 expressive, lush, and full of warmth.","robots":{"index":"index","follow":"follow","max-snippet":"max-snippet:-1","max-image-preview":"max-image-preview:large","max-video-preview":"max-video-preview:-1"},"canonical":"https:\/\/www.kollektiv307.com\/cs\/projects\/flower-magic\/","og_locale":"cs_CZ","og_type":"article","og_title":"Flower Magic - Kollektiv307 - Branding &amp; Graphic Design Studio Prague","og_description":"Flower Magic is a floral studio that celebrates joyful beauty \u2014 expressive, lush, and full of warmth.","og_url":"https:\/\/www.kollektiv307.com\/cs\/projects\/flower-magic\/","og_site_name":"Kollektiv307 - Branding &amp; Graphic Design Studio Prague","article_modified_time":"2026-04-02T09:36:41+00:00","og_image":[{"width":1162,"height":1144,"url":"https:\/\/www.kollektiv307.com\/wp-content\/uploads\/2025\/07\/flowermagic2-e1753732473209.jpg","type":"image\/jpeg"}],"twitter_card":"summary_large_image","twitter_misc":{"Odhadovan\u00e1 doba \u010dten\u00ed":"1 minuta"},"schema":{"@context":"https:\/\/schema.org","@graph":[{"@type":"WebPage","@id":"https:\/\/www.kollektiv307.com\/projects\/flower-magic","url":"https:\/\/www.kollektiv307.com\/projects\/flower-magic","name":"Flower Magic - Kollektiv307 - Branding &amp; Graphic Design Studio Prague","isPartOf":{"@id":"https:\/\/www.kollektiv307.com\/#website"},"primaryImageOfPage":{"@id":"https:\/\/www.kollektiv307.com\/projects\/flower-magic#primaryimage"},"image":{"@id":"https:\/\/www.kollektiv307.com\/projects\/flower-magic#primaryimage"},"thumbnailUrl":"https:\/\/www.kollektiv307.com\/wp-content\/uploads\/2025\/07\/flowermagic2-e1753732473209.jpg","datePublished":"2025-07-26T10:05:20+00:00","dateModified":"2026-04-02T09:36:41+00:00","description":"Flower Magic is a floral studio that celebrates joyful beauty \u2014 expressive, lush, and full of warmth.","breadcrumb":{"@id":"https:\/\/www.kollektiv307.com\/projects\/flower-magic#breadcrumb"},"inLanguage":"cs","potentialAction":[{"@type":"ReadAction","target":["https:\/\/www.kollektiv307.com\/projects\/flower-magic"]}]},{"@type":"ImageObject","inLanguage":"cs","@id":"https:\/\/www.kollektiv307.com\/projects\/flower-magic#primaryimage","url":"https:\/\/www.kollektiv307.com\/wp-content\/uploads\/2025\/07\/flowermagic2-e1753732473209.jpg","contentUrl":"https:\/\/www.kollektiv307.com\/wp-content\/uploads\/2025\/07\/flowermagic2-e1753732473209.jpg"},{"@type":"BreadcrumbList","@id":"https:\/\/www.kollektiv307.com\/projects\/flower-magic#breadcrumb","itemListElement":[{"@type":"ListItem","position":1,"name":"Home","item":"https:\/\/www.kollektiv307.com\/"},{"@type":"ListItem","position":2,"name":"Work","item":"https:\/\/www.kollektiv307.com\/projects"},{"@type":"ListItem","position":3,"name":"Flower Magic"}]},{"@type":"WebSite","@id":"https:\/\/www.kollektiv307.com\/#website","url":"https:\/\/www.kollektiv307.com\/","name":"Kollektiv307","description":"Creating lasting brands with intention","publisher":{"@id":"https:\/\/www.kollektiv307.com\/#organization"},"alternateName":"Kollektiv307","potentialAction":[{"@type":"SearchAction","target":{"@type":"EntryPoint","urlTemplate":"https:\/\/www.kollektiv307.com\/?s={search_term_string}"},"query-input":{"@type":"PropertyValueSpecification","valueRequired":true,"valueName":"search_term_string"}}],"inLanguage":"cs"},{"@type":"Organization","@id":"https:\/\/www.kollektiv307.com\/#organization","name":"Kollektiv307","alternateName":"Kollektiv307","url":"https:\/\/www.kollektiv307.com\/","logo":{"@type":"ImageObject","inLanguage":"cs","@id":"https:\/\/www.kollektiv307.com\/#\/schema\/logo\/image\/","url":"https:\/\/www.kollektiv307.com\/wp-content\/uploads\/2025\/07\/logo-linkedin2.jpg","contentUrl":"https:\/\/www.kollektiv307.com\/wp-content\/uploads\/2025\/07\/logo-linkedin2.jpg","width":567,"height":567,"caption":"Kollektiv307"},"image":{"@id":"https:\/\/www.kollektiv307.com\/#\/schema\/logo\/image\/"}}]}},"_links":{"self":[{"href":"http:\/\/www.kollektiv307.com\/cs\/wp-json\/wp\/v2\/pages\/549","targetHints":{"allow":["GET"]}}],"collection":[{"href":"http:\/\/www.kollektiv307.com\/cs\/wp-json\/wp\/v2\/pages"}],"about":[{"href":"http:\/\/www.kollektiv307.com\/cs\/wp-json\/wp\/v2\/types\/page"}],"author":[{"embeddable":true,"href":"http:\/\/www.kollektiv307.com\/cs\/wp-json\/wp\/v2\/users\/1"}],"replies":[{"embeddable":true,"href":"http:\/\/www.kollektiv307.com\/cs\/wp-json\/wp\/v2\/comments?post=549"}],"version-history":[{"count":104,"href":"http:\/\/www.kollektiv307.com\/cs\/wp-json\/wp\/v2\/pages\/549\/revisions"}],"predecessor-version":[{"id":2772,"href":"http:\/\/www.kollektiv307.com\/cs\/wp-json\/wp\/v2\/pages\/549\/revisions\/2772"}],"up":[{"embeddable":true,"href":"http:\/\/www.kollektiv307.com\/cs\/wp-json\/wp\/v2\/pages\/513"}],"wp:attachment":[{"href":"http:\/\/www.kollektiv307.com\/cs\/wp-json\/wp\/v2\/media?parent=549"}],"wp:term":[{"taxonomy":"filter","embeddable":true,"href":"http:\/\/www.kollektiv307.com\/cs\/wp-json\/wp\/v2\/filter?post=549"}],"curies":[{"name":"wp","href":"https:\/\/api.w.org\/{rel}","templated":true}]}}